{"id":4456,"date":"2024-01-24T15:33:14","date_gmt":"2024-01-24T15:33:14","guid":{"rendered":"https:\/\/ecstatic-wu.212-227-85-77.plesk.page\/product\/silla-ines-calligaris\/"},"modified":"2025-05-14T11:46:44","modified_gmt":"2025-05-14T11:46:44","slug":"silla-ines-calligaris","status":"publish","type":"product","link":"https:\/\/masterpiel.com\/esp\/sillas\/silla-ines-calligaris\/","title":{"rendered":"Silla In\u00e8s CALLIGARIS"},"content":{"rendered":"<h4>Silla In\u00e8s de Calligaris<\/h4>\n<p>La Silla de Calligaris\u00a0IN\u00c8S reinterpreta los estilos de los asientos de los a\u00f1os 50 a trav\u00e9s de formas suaves y gr\u00e1ciles. Gracias a sus carcasas de formas suaves y acogedoras, In\u00e9s resulta perfectamente compatible con un material c\u00e1lido y expresivo como la madera. Su estructura se caracteriza por secciones suaves que combinan a la perfecci\u00f3n con el car\u00e1cter acogedor de las carcasas acolchadas, acentuando su suavidad e invitando a acomodarse.<\/p>\n","protected":false},"excerpt":{"rendered":"<p>La Silla de Calligaris IN\u00c8S reinterpreta los estilos de los asientos de los a\u00f1os 50 a trav\u00e9s de formas suaves y gr\u00e1ciles. Gracias a sus carcasas de formas suaves y acogedoras, In\u00e9s resulta perfectamente compatible con un material c\u00e1lido y expresivo como la madera. Su estructura se caracteriza por secciones suaves que combinan a la perfecci\u00f3n con el car\u00e1cter acogedor de las carcasas acolchadas, acentuando su suavidad e invitando a acomodarse.<\/p>\n","protected":false},"featured_media":4498,"comment_status":"closed","ping_status":"closed","template":"","meta":{"_acf_changed":false},"product_brand":[],"product_cat":[59],"product_tag":[107],"class_list":{"0":"post-4456","1":"product","2":"type-product","3":"status-publish","4":"has-post-thumbnail","6":"product_cat-sillas","7":"product_tag-silla-calligaris","9":"first","10":"instock","11":"shipping-taxable","12":"product-type-simple"},"acf":[],"_links":{"self":[{"href":"https:\/\/masterpiel.com\/esp\/wp-json\/wp\/v2\/product\/4456","targetHints":{"allow":["GET"]}}],"collection":[{"href":"https:\/\/masterpiel.com\/esp\/wp-json\/wp\/v2\/product"}],"about":[{"href":"https:\/\/masterpiel.com\/esp\/wp-json\/wp\/v2\/types\/product"}],"replies":[{"embeddable":true,"href":"https:\/\/masterpiel.com\/esp\/wp-json\/wp\/v2\/comments?post=4456"}],"version-history":[{"count":0,"href":"https:\/\/masterpiel.com\/esp\/wp-json\/wp\/v2\/product\/4456\/revisions"}],"wp:featuredmedia":[{"embeddable":true,"href":"https:\/\/masterpiel.com\/esp\/wp-json\/wp\/v2\/media\/4498"}],"wp:attachment":[{"href":"https:\/\/masterpiel.com\/esp\/wp-json\/wp\/v2\/media?parent=4456"}],"wp:term":[{"taxonomy":"product_brand","embeddable":true,"href":"https:\/\/masterpiel.com\/esp\/wp-json\/wp\/v2\/product_brand?post=4456"},{"taxonomy":"product_cat","embeddable":true,"href":"https:\/\/masterpiel.com\/esp\/wp-json\/wp\/v2\/product_cat?post=4456"},{"taxonomy":"product_tag","embeddable":true,"href":"https:\/\/masterpiel.com\/esp\/wp-json\/wp\/v2\/product_tag?post=4456"}],"curies":[{"name":"wp","href":"https:\/\/api.w.org\/{rel}","templated":true}]}}