{"id":4457,"date":"2024-01-24T15:33:14","date_gmt":"2024-01-24T15:33:14","guid":{"rendered":"https:\/\/ecstatic-wu.212-227-85-77.plesk.page\/product\/mesa-apian-calligaris\/"},"modified":"2025-05-14T11:46:44","modified_gmt":"2025-05-14T11:46:44","slug":"mesa-apian-calligaris","status":"publish","type":"product","link":"https:\/\/masterpiel.com\/esp\/mesas\/mesa-apian-calligaris\/","title":{"rendered":"Mesa Apian CALLIGARIS"},"content":{"rendered":"<p>La mesa Apian, de elegantes proporciones, es la expresi\u00f3n de un enfoque de dise\u00f1o atento a la arquitectura del proyecto y a su realizaci\u00f3n con materiales cuidadosamente trabajados. La ligereza de su aspecto se inspira en el tema de la l\u00e1mina de metal que se curva y se inclina dibujando la base caracterizada por un trazo n\u00edtido y fuerte donde se apoya la tapa fija. La base revela como detalle la doble l\u00e1mina de metal pintada, creando un interesante juego de luces que ilumina una zona que normalmente queda en la sombra. Apian lo tiene todo para constituir un verdadero elemento sorpresa en cualquier proyecto de dise\u00f1o de interiores.<\/p>\n","protected":false},"excerpt":{"rendered":"<p>La mesa Apian, de elegantes proporciones, es la expresi\u00f3n de un enfoque de dise\u00f1o atento a la arquitectura del proyecto y a su realizaci\u00f3n con materiales cuidadosamente trabajados. La ligereza de su aspecto se inspira en el tema de la l\u00e1mina de metal que se curva y se inclina dibujando la base caracterizada por un trazo n\u00edtido y fuerte donde se apoya la tapa fija. La base revela como detalle la doble l\u00e1mina de metal pintada, creando un interesante juego de luces que ilumina una zona que normalmente queda en la sombra. Apian lo tiene todo para constituir un verdadero elemento sorpresa en cualquier proyecto de dise\u00f1o de interiores.<\/p>\n","protected":false},"featured_media":4490,"comment_status":"closed","ping_status":"closed","template":"","meta":{"_acf_changed":false},"product_brand":[],"product_cat":[56],"product_tag":[105],"class_list":{"0":"post-4457","1":"product","2":"type-product","3":"status-publish","4":"has-post-thumbnail","6":"product_cat-mesas","7":"product_tag-mesa-calligaris","9":"first","10":"instock","11":"shipping-taxable","12":"product-type-simple"},"acf":[],"_links":{"self":[{"href":"https:\/\/masterpiel.com\/esp\/wp-json\/wp\/v2\/product\/4457","targetHints":{"allow":["GET"]}}],"collection":[{"href":"https:\/\/masterpiel.com\/esp\/wp-json\/wp\/v2\/product"}],"about":[{"href":"https:\/\/masterpiel.com\/esp\/wp-json\/wp\/v2\/types\/product"}],"replies":[{"embeddable":true,"href":"https:\/\/masterpiel.com\/esp\/wp-json\/wp\/v2\/comments?post=4457"}],"version-history":[{"count":0,"href":"https:\/\/masterpiel.com\/esp\/wp-json\/wp\/v2\/product\/4457\/revisions"}],"wp:featuredmedia":[{"embeddable":true,"href":"https:\/\/masterpiel.com\/esp\/wp-json\/wp\/v2\/media\/4490"}],"wp:attachment":[{"href":"https:\/\/masterpiel.com\/esp\/wp-json\/wp\/v2\/media?parent=4457"}],"wp:term":[{"taxonomy":"product_brand","embeddable":true,"href":"https:\/\/masterpiel.com\/esp\/wp-json\/wp\/v2\/product_brand?post=4457"},{"taxonomy":"product_cat","embeddable":true,"href":"https:\/\/masterpiel.com\/esp\/wp-json\/wp\/v2\/product_cat?post=4457"},{"taxonomy":"product_tag","embeddable":true,"href":"https:\/\/masterpiel.com\/esp\/wp-json\/wp\/v2\/product_tag?post=4457"}],"curies":[{"name":"wp","href":"https:\/\/api.w.org\/{rel}","templated":true}]}}