{"id":4831,"date":"2024-02-06T09:07:28","date_gmt":"2024-02-06T09:07:28","guid":{"rendered":"https:\/\/ecstatic-wu.212-227-85-77.plesk.page\/product\/sofa-randy-2\/"},"modified":"2025-09-15T08:09:49","modified_gmt":"2025-09-15T08:09:49","slug":"sofa-randy-2","status":"publish","type":"product","link":"https:\/\/masterpiel.com\/esp\/imagine-outlet\/sofa-randy-2\/","title":{"rendered":"Sof\u00e1 Randy"},"content":{"rendered":"<p>Randy tiene un dise\u00f1o de \u00faltima tendencia en decoraci\u00f3n, adem\u00e1s de ser muy confortable y vers\u00e1til.\u00a0La principal caracter\u00edstica que define el Randy es su brazo estrecho de 15 cm dotado con un innovador mecanismo articulado. Podr\u00e1 ajustarlo como sof\u00e1 de brazo reducido o inclinarlo para conseguir un mejor apoyo cervical, cuando se tumbe en \u00e9l.<\/p>\n","protected":false},"excerpt":{"rendered":"<p>Randy tiene un dise\u00f1o de \u00faltima tendencia en decoraci\u00f3n, adem\u00e1s de ser muy confortable y vers\u00e1til.\u00a0La principal caracter\u00edstica que define el Randy es su brazo estrecho de 15 cm dotado con un innovador mecanismo articulado. Podr\u00e1 ajustarlo como sof\u00e1 de brazo reducido o inclinarlo para conseguir un mejor apoyo cervical, cuando se tumbe en \u00e9l.<\/p>\n","protected":false},"featured_media":7444,"comment_status":"open","ping_status":"closed","template":"","meta":{"_acf_changed":false},"product_brand":[],"product_cat":[131],"product_tag":[110],"class_list":{"0":"post-4831","1":"product","2":"type-product","3":"status-publish","4":"has-post-thumbnail","6":"product_cat-imagine-outlet","7":"product_tag-sofa-outlet","9":"first","10":"instock","11":"sale","12":"shipping-taxable","13":"purchasable","14":"product-type-simple"},"acf":[],"_links":{"self":[{"href":"https:\/\/masterpiel.com\/esp\/wp-json\/wp\/v2\/product\/4831","targetHints":{"allow":["GET"]}}],"collection":[{"href":"https:\/\/masterpiel.com\/esp\/wp-json\/wp\/v2\/product"}],"about":[{"href":"https:\/\/masterpiel.com\/esp\/wp-json\/wp\/v2\/types\/product"}],"replies":[{"embeddable":true,"href":"https:\/\/masterpiel.com\/esp\/wp-json\/wp\/v2\/comments?post=4831"}],"version-history":[{"count":0,"href":"https:\/\/masterpiel.com\/esp\/wp-json\/wp\/v2\/product\/4831\/revisions"}],"wp:featuredmedia":[{"embeddable":true,"href":"https:\/\/masterpiel.com\/esp\/wp-json\/wp\/v2\/media\/7444"}],"wp:attachment":[{"href":"https:\/\/masterpiel.com\/esp\/wp-json\/wp\/v2\/media?parent=4831"}],"wp:term":[{"taxonomy":"product_brand","embeddable":true,"href":"https:\/\/masterpiel.com\/esp\/wp-json\/wp\/v2\/product_brand?post=4831"},{"taxonomy":"product_cat","embeddable":true,"href":"https:\/\/masterpiel.com\/esp\/wp-json\/wp\/v2\/product_cat?post=4831"},{"taxonomy":"product_tag","embeddable":true,"href":"https:\/\/masterpiel.com\/esp\/wp-json\/wp\/v2\/product_tag?post=4831"}],"curies":[{"name":"wp","href":"https:\/\/api.w.org\/{rel}","templated":true}]}}