{"id":4865,"date":"2024-02-07T14:30:59","date_gmt":"2024-02-07T14:30:59","guid":{"rendered":"https:\/\/ecstatic-wu.212-227-85-77.plesk.page\/?post_type=product&#038;p=4865"},"modified":"2025-09-16T07:37:46","modified_gmt":"2025-09-16T07:37:46","slug":"sillon-upi-moradillo","status":"publish","type":"product","link":"https:\/\/masterpiel.com\/esp\/imagine-outlet\/sillon-upi-moradillo\/","title":{"rendered":"Sill\u00f3n Upi"},"content":{"rendered":"<p>Su dise\u00f1o es minimalista y est\u00e1 pensado para la comodidad. Ofrece una sentada de gran profundidad, por eso decimos que el sill\u00f3n UPI de Moradillo te abraza, te acurruca.<\/p>\n","protected":false},"excerpt":{"rendered":"<p>Su dise\u00f1o es minimalista y est\u00e1 pensado para la comodidad. Ofrece una sentada de gran profundidad, por eso decimos que el sill\u00f3n UPI de Moradillo te abraza, te acurruca.<\/p>\n","protected":false},"featured_media":7318,"comment_status":"closed","ping_status":"closed","template":"","meta":{"_acf_changed":false},"product_brand":[130],"product_cat":[131],"product_tag":[65,128],"class_list":{"0":"post-4865","1":"product","2":"type-product","3":"status-publish","4":"has-post-thumbnail","6":"product_brand-moradillo","7":"product_cat-imagine-outlet","8":"product_tag-moradillo","9":"product_tag-outlet-masterpiel","11":"first","12":"instock","13":"sale","14":"shipping-taxable","15":"purchasable","16":"product-type-simple"},"acf":[],"_links":{"self":[{"href":"https:\/\/masterpiel.com\/esp\/wp-json\/wp\/v2\/product\/4865","targetHints":{"allow":["GET"]}}],"collection":[{"href":"https:\/\/masterpiel.com\/esp\/wp-json\/wp\/v2\/product"}],"about":[{"href":"https:\/\/masterpiel.com\/esp\/wp-json\/wp\/v2\/types\/product"}],"replies":[{"embeddable":true,"href":"https:\/\/masterpiel.com\/esp\/wp-json\/wp\/v2\/comments?post=4865"}],"version-history":[{"count":0,"href":"https:\/\/masterpiel.com\/esp\/wp-json\/wp\/v2\/product\/4865\/revisions"}],"wp:featuredmedia":[{"embeddable":true,"href":"https:\/\/masterpiel.com\/esp\/wp-json\/wp\/v2\/media\/7318"}],"wp:attachment":[{"href":"https:\/\/masterpiel.com\/esp\/wp-json\/wp\/v2\/media?parent=4865"}],"wp:term":[{"taxonomy":"product_brand","embeddable":true,"href":"https:\/\/masterpiel.com\/esp\/wp-json\/wp\/v2\/product_brand?post=4865"},{"taxonomy":"product_cat","embeddable":true,"href":"https:\/\/masterpiel.com\/esp\/wp-json\/wp\/v2\/product_cat?post=4865"},{"taxonomy":"product_tag","embeddable":true,"href":"https:\/\/masterpiel.com\/esp\/wp-json\/wp\/v2\/product_tag?post=4865"}],"curies":[{"name":"wp","href":"https:\/\/api.w.org\/{rel}","templated":true}]}}