{"id":5019,"date":"2024-04-03T08:39:51","date_gmt":"2024-04-03T08:39:51","guid":{"rendered":"https:\/\/ecstatic-wu.212-227-85-77.plesk.page\/?post_type=product&#038;p=5019"},"modified":"2026-01-28T10:51:09","modified_gmt":"2026-01-28T10:51:09","slug":"sofa-rocca-masterpiel","status":"publish","type":"product","link":"https:\/\/masterpiel.com\/esp\/sofas\/sofa-rocca-masterpiel\/","title":{"rendered":"Sof\u00e1 Rocca MASTERPIEL"},"content":{"rendered":"\t\t<div data-elementor-type=\"wp-post\" data-elementor-id=\"5019\" class=\"elementor elementor-5019\" data-elementor-post-type=\"product\">\n\t\t\t\t\t\t<section class=\"elementor-section elementor-top-section elementor-element elementor-element-32c1b546 elementor-section-boxed elementor-section-height-default elementor-section-height-default\" data-id=\"32c1b546\" data-element_type=\"section\" data-e-type=\"section\">\n\t\t\t\t\t\t<div class=\"elementor-container elementor-column-gap-default\">\n\t\t\t\t\t<div class=\"elementor-column elementor-col-100 elementor-top-column elementor-element elementor-element-a5e74ec\" data-id=\"a5e74ec\" data-element_type=\"column\" data-e-type=\"column\">\n\t\t\t<div class=\"elementor-widget-wrap elementor-element-populated\">\n\t\t\t\t\t\t<div class=\"elementor-element elementor-element-7383ae07 elementor-widget elementor-widget-text-editor\" data-id=\"7383ae07\" data-element_type=\"widget\" data-e-type=\"widget\" data-widget_type=\"text-editor.default\">\n\t\t\t\t<div class=\"elementor-widget-container\">\n\t\t\t\t\t\t\t\t\t<h4>Sof\u00e1 Rocca Masterpiel<\/h4>\r\nPotente donde su presencia se nota. Sentada firme pero confortable. Con relax el\u00e9ctrico llegamos a un confort sublime. Robusto por su dise\u00f1o pero gran sensaci\u00f3n de hogar al verlo y sentarse.\t\t\t\t\t\t\t\t<\/div>\n\t\t\t\t<\/div>\n\t\t\t\t<div class=\"elementor-element elementor-element-05e55e1 elementor-widget elementor-widget-spacer\" data-id=\"05e55e1\" data-element_type=\"widget\" data-e-type=\"widget\" data-widget_type=\"spacer.default\">\n\t\t\t\t<div class=\"elementor-widget-container\">\n\t\t\t\t\t\t\t<div class=\"elementor-spacer\">\n\t\t\t<div class=\"elementor-spacer-inner\"><\/div>\n\t\t<\/div>\n\t\t\t\t\t\t<\/div>\n\t\t\t\t<\/div>\n\t\t\t\t\t<\/div>\n\t\t<\/div>\n\t\t\t\t\t<\/div>\n\t\t<\/section>\n\t\t\t\t<section class=\"elementor-section elementor-top-section elementor-element elementor-element-75db391 elementor-section-boxed elementor-section-height-default elementor-section-height-default\" data-id=\"75db391\" data-element_type=\"section\" data-e-type=\"section\">\n\t\t\t\t\t\t<div class=\"elementor-container elementor-column-gap-default\">\n\t\t\t\t\t<div class=\"elementor-column elementor-col-100 elementor-top-column elementor-element elementor-element-d9c7153\" data-id=\"d9c7153\" data-element_type=\"column\" data-e-type=\"column\">\n\t\t\t<div class=\"elementor-widget-wrap elementor-element-populated\">\n\t\t\t\t\t\t<div class=\"elementor-element elementor-element-5f7c2fe elementor-widget elementor-widget-text-editor\" data-id=\"5f7c2fe\" data-element_type=\"widget\" data-e-type=\"widget\" data-widget_type=\"text-editor.default\">\n\t\t\t\t<div class=\"elementor-widget-container\">\n\t\t\t\t\t\t\t\t\t<h4>Medidas<\/h4>\t\t\t\t\t\t\t\t<\/div>\n\t\t\t\t<\/div>\n\t\t\t\t\t<\/div>\n\t\t<\/div>\n\t\t\t\t\t<\/div>\n\t\t<\/section>\n\t\t\t\t<section class=\"elementor-section elementor-top-section elementor-element elementor-element-44f14dc elementor-section-boxed elementor-section-height-default elementor-section-height-default\" data-id=\"44f14dc\" data-element_type=\"section\" data-e-type=\"section\">\n\t\t\t\t\t\t<div class=\"elementor-container elementor-column-gap-default\">\n\t\t\t\t\t<div class=\"elementor-column elementor-col-100 elementor-top-column elementor-element elementor-element-57d1d42\" data-id=\"57d1d42\" data-element_type=\"column\" data-e-type=\"column\">\n\t\t\t<div class=\"elementor-widget-wrap elementor-element-populated\">\n\t\t\t\t\t\t<div class=\"elementor-element elementor-element-25b027c elementor-widget elementor-widget-image\" data-id=\"25b027c\" data-element_type=\"widget\" data-e-type=\"widget\" data-widget_type=\"image.default\">\n\t\t\t\t<div class=\"elementor-widget-container\">\n\t\t\t\t\t\t\t\t\t\t\t\t\t\t\t<img decoding=\"async\" src=\"https:\/\/masterpiel.com\/wp-content\/uploads\/elementor\/thumbs\/MIDES-ROCCA-r1fxd1anyd4ll5qifo65xvjmvma8h6afqs0y34ia3k.jpg\" title=\"MIDES ROCCA\" alt=\"MIDES ROCCA\" loading=\"lazy\" \/>\t\t\t\t\t\t\t\t\t\t\t\t\t\t\t<\/div>\n\t\t\t\t<\/div>\n\t\t\t\t\t<\/div>\n\t\t<\/div>\n\t\t\t\t\t<\/div>\n\t\t<\/section>\n\t\t\t\t<\/div>\n\t\t","protected":false},"excerpt":{"rendered":"<p>Potente donde su presencia se nota. Sentada firme pero confortable. Con relax el\u00e9ctrico llegamos a un confort sublime. Robusto por su dise\u00f1o pero gran sensaci\u00f3n de hogar al verlo y sentarse.<\/p>\n","protected":false},"featured_media":5025,"comment_status":"open","ping_status":"closed","template":"","meta":{"_acf_changed":false},"product_brand":[],"product_cat":[54,62],"product_tag":[148,101],"class_list":{"0":"post-5019","1":"product","2":"type-product","3":"status-publish","4":"has-post-thumbnail","6":"product_cat-sofas","7":"product_cat-sofas-relax-electrico","8":"product_tag-master","9":"product_tag-sofa-relax-electrico","11":"first","12":"instock","13":"shipping-taxable","14":"product-type-simple"},"acf":[],"_links":{"self":[{"href":"https:\/\/masterpiel.com\/esp\/wp-json\/wp\/v2\/product\/5019","targetHints":{"allow":["GET"]}}],"collection":[{"href":"https:\/\/masterpiel.com\/esp\/wp-json\/wp\/v2\/product"}],"about":[{"href":"https:\/\/masterpiel.com\/esp\/wp-json\/wp\/v2\/types\/product"}],"replies":[{"embeddable":true,"href":"https:\/\/masterpiel.com\/esp\/wp-json\/wp\/v2\/comments?post=5019"}],"version-history":[{"count":0,"href":"https:\/\/masterpiel.com\/esp\/wp-json\/wp\/v2\/product\/5019\/revisions"}],"wp:featuredmedia":[{"embeddable":true,"href":"https:\/\/masterpiel.com\/esp\/wp-json\/wp\/v2\/media\/5025"}],"wp:attachment":[{"href":"https:\/\/masterpiel.com\/esp\/wp-json\/wp\/v2\/media?parent=5019"}],"wp:term":[{"taxonomy":"product_brand","embeddable":true,"href":"https:\/\/masterpiel.com\/esp\/wp-json\/wp\/v2\/product_brand?post=5019"},{"taxonomy":"product_cat","embeddable":true,"href":"https:\/\/masterpiel.com\/esp\/wp-json\/wp\/v2\/product_cat?post=5019"},{"taxonomy":"product_tag","embeddable":true,"href":"https:\/\/masterpiel.com\/esp\/wp-json\/wp\/v2\/product_tag?post=5019"}],"curies":[{"name":"wp","href":"https:\/\/api.w.org\/{rel}","templated":true}]}}