{"id":5989,"date":"2024-07-08T06:41:00","date_gmt":"2024-07-08T06:41:00","guid":{"rendered":"https:\/\/ecstatic-wu.212-227-85-77.plesk.page\/?post_type=product&#038;p=5989"},"modified":"2025-09-16T07:37:34","modified_gmt":"2025-09-16T07:37:34","slug":"sillon-kembo","status":"publish","type":"product","link":"https:\/\/masterpiel.com\/esp\/imagine-outlet\/sillon-kembo\/","title":{"rendered":"Sill\u00f3n Kembo"},"content":{"rendered":"<p>El Sill\u00f3n Kembo ha sido dise\u00f1ado para envolverte con suavidad. Su mullido relleno invita al descanso, es ese rinc\u00f3n donde todo se detiene, el cuerpo se relaja y la mente respira.<\/p>\n","protected":false},"excerpt":{"rendered":"<p>El Sill\u00f3n Kembo ha sido dise\u00f1ado para envolverte con suavidad. Su mullido relleno invita al descanso, es ese rinc\u00f3n donde todo se detiene, el cuerpo se relaja y la mente respira.<\/p>\n","protected":false},"featured_media":7406,"comment_status":"open","ping_status":"closed","template":"","meta":{"_acf_changed":false},"product_brand":[],"product_cat":[131],"product_tag":[],"class_list":{"0":"post-5989","1":"product","2":"type-product","3":"status-publish","4":"has-post-thumbnail","6":"product_cat-imagine-outlet","8":"first","9":"instock","10":"sale","11":"shipping-taxable","12":"purchasable","13":"product-type-simple"},"acf":[],"_links":{"self":[{"href":"https:\/\/masterpiel.com\/esp\/wp-json\/wp\/v2\/product\/5989","targetHints":{"allow":["GET"]}}],"collection":[{"href":"https:\/\/masterpiel.com\/esp\/wp-json\/wp\/v2\/product"}],"about":[{"href":"https:\/\/masterpiel.com\/esp\/wp-json\/wp\/v2\/types\/product"}],"replies":[{"embeddable":true,"href":"https:\/\/masterpiel.com\/esp\/wp-json\/wp\/v2\/comments?post=5989"}],"version-history":[{"count":0,"href":"https:\/\/masterpiel.com\/esp\/wp-json\/wp\/v2\/product\/5989\/revisions"}],"wp:featuredmedia":[{"embeddable":true,"href":"https:\/\/masterpiel.com\/esp\/wp-json\/wp\/v2\/media\/7406"}],"wp:attachment":[{"href":"https:\/\/masterpiel.com\/esp\/wp-json\/wp\/v2\/media?parent=5989"}],"wp:term":[{"taxonomy":"product_brand","embeddable":true,"href":"https:\/\/masterpiel.com\/esp\/wp-json\/wp\/v2\/product_brand?post=5989"},{"taxonomy":"product_cat","embeddable":true,"href":"https:\/\/masterpiel.com\/esp\/wp-json\/wp\/v2\/product_cat?post=5989"},{"taxonomy":"product_tag","embeddable":true,"href":"https:\/\/masterpiel.com\/esp\/wp-json\/wp\/v2\/product_tag?post=5989"}],"curies":[{"name":"wp","href":"https:\/\/api.w.org\/{rel}","templated":true}]}}