{"id":5997,"date":"2024-07-08T06:48:21","date_gmt":"2024-07-08T06:48:21","guid":{"rendered":"https:\/\/ecstatic-wu.212-227-85-77.plesk.page\/?post_type=product&#038;p=5997"},"modified":"2026-02-02T09:51:40","modified_gmt":"2026-02-02T09:51:40","slug":"sofa-lumpur","status":"publish","type":"product","link":"https:\/\/masterpiel.com\/esp\/imagine-outlet\/sofa-lumpur\/","title":{"rendered":"Sof\u00e1 Lumpur"},"content":{"rendered":"<p>El sof\u00e1 Lumpur destaca especialmente por su dise\u00f1o, esencial y minimalista.\u00a0Este dise\u00f1o tan ligero y contempor\u00e1neo viene acompa\u00f1ado por un tapizado completamente desenf\u00fandale, que facilita enormemente su mantenimiento.<\/p>\n","protected":false},"excerpt":{"rendered":"<p>El sof\u00e1 Lumpur destaca especialmente por su dise\u00f1o, esencial y minimalista.\u00a0Este dise\u00f1o tan ligero y contempor\u00e1neo viene acompa\u00f1ado por un tapizado completamente desenf\u00fandale, que facilita enormemente su mantenimiento.<\/p>\n","protected":false},"featured_media":7416,"comment_status":"open","ping_status":"closed","template":"","meta":{"_acf_changed":false},"product_brand":[],"product_cat":[131],"product_tag":[110],"class_list":{"0":"post-5997","1":"product","2":"type-product","3":"status-publish","4":"has-post-thumbnail","6":"product_cat-imagine-outlet","7":"product_tag-sofa-outlet","9":"first","10":"instock","11":"sale","12":"shipping-taxable","13":"purchasable","14":"product-type-simple"},"acf":[],"_links":{"self":[{"href":"https:\/\/masterpiel.com\/esp\/wp-json\/wp\/v2\/product\/5997","targetHints":{"allow":["GET"]}}],"collection":[{"href":"https:\/\/masterpiel.com\/esp\/wp-json\/wp\/v2\/product"}],"about":[{"href":"https:\/\/masterpiel.com\/esp\/wp-json\/wp\/v2\/types\/product"}],"replies":[{"embeddable":true,"href":"https:\/\/masterpiel.com\/esp\/wp-json\/wp\/v2\/comments?post=5997"}],"version-history":[{"count":0,"href":"https:\/\/masterpiel.com\/esp\/wp-json\/wp\/v2\/product\/5997\/revisions"}],"wp:featuredmedia":[{"embeddable":true,"href":"https:\/\/masterpiel.com\/esp\/wp-json\/wp\/v2\/media\/7416"}],"wp:attachment":[{"href":"https:\/\/masterpiel.com\/esp\/wp-json\/wp\/v2\/media?parent=5997"}],"wp:term":[{"taxonomy":"product_brand","embeddable":true,"href":"https:\/\/masterpiel.com\/esp\/wp-json\/wp\/v2\/product_brand?post=5997"},{"taxonomy":"product_cat","embeddable":true,"href":"https:\/\/masterpiel.com\/esp\/wp-json\/wp\/v2\/product_cat?post=5997"},{"taxonomy":"product_tag","embeddable":true,"href":"https:\/\/masterpiel.com\/esp\/wp-json\/wp\/v2\/product_tag?post=5997"}],"curies":[{"name":"wp","href":"https:\/\/api.w.org\/{rel}","templated":true}]}}