{"id":6559,"date":"2025-02-03T17:38:58","date_gmt":"2025-02-03T17:38:58","guid":{"rendered":"https:\/\/ecstatic-wu.212-227-85-77.plesk.page\/?post_type=product&#038;p=6559"},"modified":"2026-01-28T10:49:47","modified_gmt":"2026-01-28T10:49:47","slug":"sofa-yute-masterpiel","status":"publish","type":"product","link":"https:\/\/masterpiel.com\/esp\/sofas\/sofa-yute-masterpiel\/","title":{"rendered":"Sof\u00e1 Yute MASTERPIEL"},"content":{"rendered":"<p>Yute es un sof\u00e1 con asientos extensibles completamente novedoso. El asiento de cada m\u00f3dulo incorpora un mecanismo deslizante multiposici\u00f3n por el que llega a extenderse como una chaise longue. El asiento extensible de Yute y su cabecero abatible abrir\u00e1n las puertas de tu hogar a toda una revoluci\u00f3n del descanso.<\/p>\n","protected":false},"excerpt":{"rendered":"<p>Yute es un sof\u00e1 con asientos extensibles completamente novedoso. El asiento de cada m\u00f3dulo incorpora un mecanismo deslizante multiposici\u00f3n por el que llega a extenderse como una chaise longue. El asiento extensible de Yute y su cabecero abatible abrir\u00e1n las puertas de tu hogar a toda una revoluci\u00f3n del descanso.<\/p>\n","protected":false},"featured_media":6619,"comment_status":"open","ping_status":"closed","template":"","meta":{"_acf_changed":false},"product_brand":[],"product_cat":[54],"product_tag":[148,86],"class_list":{"0":"post-6559","1":"product","2":"type-product","3":"status-publish","4":"has-post-thumbnail","6":"product_cat-sofas","7":"product_tag-master","8":"product_tag-sofa","10":"first","11":"instock","12":"shipping-taxable","13":"product-type-simple"},"acf":[],"_links":{"self":[{"href":"https:\/\/masterpiel.com\/esp\/wp-json\/wp\/v2\/product\/6559","targetHints":{"allow":["GET"]}}],"collection":[{"href":"https:\/\/masterpiel.com\/esp\/wp-json\/wp\/v2\/product"}],"about":[{"href":"https:\/\/masterpiel.com\/esp\/wp-json\/wp\/v2\/types\/product"}],"replies":[{"embeddable":true,"href":"https:\/\/masterpiel.com\/esp\/wp-json\/wp\/v2\/comments?post=6559"}],"version-history":[{"count":0,"href":"https:\/\/masterpiel.com\/esp\/wp-json\/wp\/v2\/product\/6559\/revisions"}],"wp:featuredmedia":[{"embeddable":true,"href":"https:\/\/masterpiel.com\/esp\/wp-json\/wp\/v2\/media\/6619"}],"wp:attachment":[{"href":"https:\/\/masterpiel.com\/esp\/wp-json\/wp\/v2\/media?parent=6559"}],"wp:term":[{"taxonomy":"product_brand","embeddable":true,"href":"https:\/\/masterpiel.com\/esp\/wp-json\/wp\/v2\/product_brand?post=6559"},{"taxonomy":"product_cat","embeddable":true,"href":"https:\/\/masterpiel.com\/esp\/wp-json\/wp\/v2\/product_cat?post=6559"},{"taxonomy":"product_tag","embeddable":true,"href":"https:\/\/masterpiel.com\/esp\/wp-json\/wp\/v2\/product_tag?post=6559"}],"curies":[{"name":"wp","href":"https:\/\/api.w.org\/{rel}","templated":true}]}}