{"id":6560,"date":"2025-02-03T17:38:58","date_gmt":"2025-02-03T17:38:58","guid":{"rendered":"https:\/\/ecstatic-wu.212-227-85-77.plesk.page\/?post_type=product&#038;p=6560"},"modified":"2026-01-28T10:50:00","modified_gmt":"2026-01-28T10:50:00","slug":"sofa-agora-masterpiel","status":"publish","type":"product","link":"https:\/\/masterpiel.com\/esp\/sofas\/sofa-agora-masterpiel\/","title":{"rendered":"Sof\u00e1 \u00c1gora MASTERPIEL"},"content":{"rendered":"<p>\u00c1gora es un sistema de sof\u00e1 modular de infinitas posibilidades. Elige uno de sus dos respaldos (coj\u00edn articulado o coj\u00edn tradicional) y configura sus m\u00f3dulos poniendo el foco en el descanso hecho a tu medida.<\/p>\n","protected":false},"excerpt":{"rendered":"<p>\u00c1gora es un sistema de sof\u00e1 modular de infinitas posibilidades. Elige uno de sus dos respaldos (coj\u00edn articulado o coj\u00edn tradicional) y configura sus m\u00f3dulos poniendo el foco en el descanso hecho a tu medida.<\/p>\n","protected":false},"featured_media":6623,"comment_status":"open","ping_status":"closed","template":"","meta":{"_acf_changed":false},"product_brand":[],"product_cat":[54],"product_tag":[148,86],"class_list":{"0":"post-6560","1":"product","2":"type-product","3":"status-publish","4":"has-post-thumbnail","6":"product_cat-sofas","7":"product_tag-master","8":"product_tag-sofa","10":"first","11":"instock","12":"shipping-taxable","13":"product-type-simple"},"acf":[],"_links":{"self":[{"href":"https:\/\/masterpiel.com\/esp\/wp-json\/wp\/v2\/product\/6560","targetHints":{"allow":["GET"]}}],"collection":[{"href":"https:\/\/masterpiel.com\/esp\/wp-json\/wp\/v2\/product"}],"about":[{"href":"https:\/\/masterpiel.com\/esp\/wp-json\/wp\/v2\/types\/product"}],"replies":[{"embeddable":true,"href":"https:\/\/masterpiel.com\/esp\/wp-json\/wp\/v2\/comments?post=6560"}],"version-history":[{"count":0,"href":"https:\/\/masterpiel.com\/esp\/wp-json\/wp\/v2\/product\/6560\/revisions"}],"wp:featuredmedia":[{"embeddable":true,"href":"https:\/\/masterpiel.com\/esp\/wp-json\/wp\/v2\/media\/6623"}],"wp:attachment":[{"href":"https:\/\/masterpiel.com\/esp\/wp-json\/wp\/v2\/media?parent=6560"}],"wp:term":[{"taxonomy":"product_brand","embeddable":true,"href":"https:\/\/masterpiel.com\/esp\/wp-json\/wp\/v2\/product_brand?post=6560"},{"taxonomy":"product_cat","embeddable":true,"href":"https:\/\/masterpiel.com\/esp\/wp-json\/wp\/v2\/product_cat?post=6560"},{"taxonomy":"product_tag","embeddable":true,"href":"https:\/\/masterpiel.com\/esp\/wp-json\/wp\/v2\/product_tag?post=6560"}],"curies":[{"name":"wp","href":"https:\/\/api.w.org\/{rel}","templated":true}]}}