{"id":6561,"date":"2025-02-03T17:38:58","date_gmt":"2025-02-03T17:38:58","guid":{"rendered":"https:\/\/ecstatic-wu.212-227-85-77.plesk.page\/?post_type=product&#038;p=6561"},"modified":"2026-01-28T10:50:13","modified_gmt":"2026-01-28T10:50:13","slug":"sofa-oliver-masterpiel","status":"publish","type":"product","link":"https:\/\/masterpiel.com\/esp\/sofas-relax\/sofa-oliver-masterpiel\/","title":{"rendered":"Sof\u00e1 Oliver MASTERPIEL"},"content":{"rendered":"<p style=\"text-align: justify; margin: 0cm 0cm 15.0pt 0cm;\"><span lang=\"ES\" style=\"font-size: 11.5pt; font-family: 'Arial',sans-serif; color: #444444;\">El sof\u00e1 Oliver tiene un dise\u00f1o c\u00f3modo y funcional, con fondo reducido respecto a sus otros modelos de sof\u00e1.<\/span><\/p>\n<p style=\"text-align: justify; margin: 0cm 0cm 15.0pt 0cm;\"><span lang=\"ES\" style=\"font-size: 11.5pt; font-family: 'Arial',sans-serif; color: #444444;\">Apoyabrazos estrecho y fondo reducido, que permite obtener la mayor comodidad en salones peque\u00f1os.\u00a0<\/span><span lang=\"ES\" style=\"font-size: 11.5pt; font-family: 'Arial',sans-serif; color: #444444;\">El relleno de sus respaldos, est\u00e1n fabricados en fibra siliconada envolvente y el relleno de sus asientos en goma espuma HR, con extractos de soja y densidad de 40 kg\/m3. Est\u00e1 combinaci\u00f3n de materiales le har\u00e1n sentir como en una nube.<\/span><\/p>\n<p style=\"text-align: justify; margin: 0cm 0cm 15.0pt 0cm;\"><span lang=\"ES\" style=\"font-size: 11.5pt; font-family: 'Arial',sans-serif; color: #444444;\">Incorpora un mecanismo \u201cPared Cero\u201d de doble motor, regula independientemente la apertura del mecanismo reclinable y el apoyo cervical, solo necesita 9 cm de separaci\u00f3n con la pared. Usted dispone de la versi\u00f3n fija, no reclinable.<\/span><\/p>\n","protected":false},"excerpt":{"rendered":"<p style=\"text-align: justify; margin: 0cm 0cm 15.0pt 0cm;\"><span lang=\"ES\" style=\"font-size: 11.5pt; font-family: 'Arial',sans-serif; color: #444444;\">El sof\u00e1 Oliver tiene un dise\u00f1o c\u00f3modo y funcional, con fondo reducido respecto a sus otros modelos de sof\u00e1.<\/span><\/p>\n<p style=\"text-align: justify; margin: 0cm 0cm 15.0pt 0cm;\"><span lang=\"ES\" style=\"font-size: 11.5pt; font-family: 'Arial',sans-serif; color: #444444;\">Apoyabrazos estrecho y fondo reducido, que permite obtener la mayor comodidad en salones peque\u00f1os.\u00a0<\/span><span lang=\"ES\" style=\"font-size: 11.5pt; font-family: 'Arial',sans-serif; color: #444444;\">El relleno de sus respaldos, est\u00e1n fabricados en fibra siliconada envolvente y el relleno de sus asientos en goma espuma HR, con extractos de soja y densidad de 40 kg\/m3. Est\u00e1 combinaci\u00f3n de materiales le har\u00e1n sentir como en una nube.<\/span><\/p>\n<p style=\"text-align: justify; margin: 0cm 0cm 15.0pt 0cm;\"><span lang=\"ES\" style=\"font-size: 11.5pt; font-family: 'Arial',sans-serif; color: #444444;\">Incorpora un mecanismo \u201cPared Cero\u201d de doble motor, regula independientemente la apertura del mecanismo reclinable y el apoyo cervical, solo necesita 9 cm de separaci\u00f3n con la pared. Usted dispone de la versi\u00f3n fija, no reclinable.<\/span><\/p>\n","protected":false},"featured_media":6554,"comment_status":"open","ping_status":"closed","template":"","meta":{"_acf_changed":false},"product_brand":[],"product_cat":[54,61],"product_tag":[148,86,120],"class_list":{"0":"post-6561","1":"product","2":"type-product","3":"status-publish","4":"has-post-thumbnail","6":"product_cat-sofas","7":"product_cat-sofas-relax","8":"product_tag-master","9":"product_tag-sofa","10":"product_tag-tapicerias-navarro","12":"first","13":"instock","14":"shipping-taxable","15":"product-type-simple"},"acf":[],"_links":{"self":[{"href":"https:\/\/masterpiel.com\/esp\/wp-json\/wp\/v2\/product\/6561","targetHints":{"allow":["GET"]}}],"collection":[{"href":"https:\/\/masterpiel.com\/esp\/wp-json\/wp\/v2\/product"}],"about":[{"href":"https:\/\/masterpiel.com\/esp\/wp-json\/wp\/v2\/types\/product"}],"replies":[{"embeddable":true,"href":"https:\/\/masterpiel.com\/esp\/wp-json\/wp\/v2\/comments?post=6561"}],"version-history":[{"count":0,"href":"https:\/\/masterpiel.com\/esp\/wp-json\/wp\/v2\/product\/6561\/revisions"}],"wp:featuredmedia":[{"embeddable":true,"href":"https:\/\/masterpiel.com\/esp\/wp-json\/wp\/v2\/media\/6554"}],"wp:attachment":[{"href":"https:\/\/masterpiel.com\/esp\/wp-json\/wp\/v2\/media?parent=6561"}],"wp:term":[{"taxonomy":"product_brand","embeddable":true,"href":"https:\/\/masterpiel.com\/esp\/wp-json\/wp\/v2\/product_brand?post=6561"},{"taxonomy":"product_cat","embeddable":true,"href":"https:\/\/masterpiel.com\/esp\/wp-json\/wp\/v2\/product_cat?post=6561"},{"taxonomy":"product_tag","embeddable":true,"href":"https:\/\/masterpiel.com\/esp\/wp-json\/wp\/v2\/product_tag?post=6561"}],"curies":[{"name":"wp","href":"https:\/\/api.w.org\/{rel}","templated":true}]}}