{"id":6562,"date":"2025-02-03T17:38:58","date_gmt":"2025-02-03T17:38:58","guid":{"rendered":"https:\/\/ecstatic-wu.212-227-85-77.plesk.page\/?post_type=product&#038;p=6562"},"modified":"2026-01-28T10:49:35","modified_gmt":"2026-01-28T10:49:35","slug":"sillon-oliver-masterpiel","status":"publish","type":"product","link":"https:\/\/masterpiel.com\/esp\/sillones\/sillon-oliver-masterpiel\/","title":{"rendered":"Sill\u00f3n Oliver MASTERPIEL"},"content":{"rendered":"<p>El sill\u00f3n modelo Oliver tiene un sistema Pared Cero que te permite reclinar el respaldo y el reposapi\u00e9s sin necesidad de separar el mueble de la pared. S\u00f3lo necesita 9 cm de distancia para ofrecerte una posici\u00f3n \u00f3ptima de relax. Adem\u00e1s, puedes regular el cabezal manualmente o mediante un motor el\u00e9ctrico para apoyar tu cabeza en el \u00e1ngulo que prefieras.<\/p>\n<p>Dise\u00f1ado para quienes buscan una combinaci\u00f3n perfecta de estilo, funcionalidad y comodidad, el sill\u00f3n Oliver no solo es atractivo visualmente, sino que tambi\u00e9n ofrece caracter\u00edsticas innovadoras que mejoran la experiencia de uso. Su estructura robusta est\u00e1 hecha con materiales de alta calidad, asegurando no solo durabilidad, sino tambi\u00e9n un soporte ergon\u00f3mico que promueve una buena postura.<\/p>\n<p>Apoyabrazos estrecho y fondo reducido, que permite obtener la mayor comodidad en salones peque\u00f1os.<\/p>\n<p>El modelo Oliver est\u00e1 fabricado con materiales de alta calidad, como la madera de pino y el MDF para la estructura, el relleno de sus respaldos, est\u00e1n fabricados en fibra siliconada envolvente y el relleno de sus asientos en goma espuma HR, con extractos de soja y densidad de 40 kg\/m3. Est\u00e1 combinaci\u00f3n de materiales le har\u00e1n sentir como en una nube.<\/p>\n","protected":false},"excerpt":{"rendered":"<p>El sill\u00f3n modelo Oliver tiene un sistema Pared Cero que te permite reclinar el respaldo y el reposapi\u00e9s sin necesidad de separar el mueble de la pared. S\u00f3lo necesita 9 cm de distancia para ofrecerte una posici\u00f3n \u00f3ptima de relax. Adem\u00e1s, puedes regular el cabezal manualmente o mediante un motor el\u00e9ctrico para apoyar tu cabeza en el \u00e1ngulo que prefieras.<\/p>\n<p>Dise\u00f1ado para quienes buscan una combinaci\u00f3n perfecta de estilo, funcionalidad y comodidad, el sill\u00f3n Oliver no solo es atractivo visualmente, sino que tambi\u00e9n ofrece caracter\u00edsticas innovadoras que mejoran la experiencia de uso. Su estructura robusta est\u00e1 hecha con materiales de alta calidad, asegurando no solo durabilidad, sino tambi\u00e9n un soporte ergon\u00f3mico que promueve una buena postura.<\/p>\n<p>Apoyabrazos estrecho y fondo reducido, que permite obtener la mayor comodidad en salones peque\u00f1os.<\/p>\n<p>El modelo Oliver est\u00e1 fabricado con materiales de alta calidad, como la madera de pino y el MDF para la estructura, el relleno de sus respaldos, est\u00e1n fabricados en fibra siliconada envolvente y el relleno de sus asientos en goma espuma HR, con extractos de soja y densidad de 40 kg\/m3. Est\u00e1 combinaci\u00f3n de materiales le har\u00e1n sentir como en una nube.<\/p>\n","protected":false},"featured_media":6589,"comment_status":"open","ping_status":"closed","template":"","meta":{"_acf_changed":false},"product_brand":[],"product_cat":[60],"product_tag":[148,91,97,120],"class_list":{"0":"post-6562","1":"product","2":"type-product","3":"status-publish","4":"has-post-thumbnail","6":"product_cat-sillones","7":"product_tag-master","8":"product_tag-sillon","9":"product_tag-sillones-relax-electrico","10":"product_tag-tapicerias-navarro","12":"first","13":"instock","14":"shipping-taxable","15":"product-type-simple"},"acf":[],"_links":{"self":[{"href":"https:\/\/masterpiel.com\/esp\/wp-json\/wp\/v2\/product\/6562","targetHints":{"allow":["GET"]}}],"collection":[{"href":"https:\/\/masterpiel.com\/esp\/wp-json\/wp\/v2\/product"}],"about":[{"href":"https:\/\/masterpiel.com\/esp\/wp-json\/wp\/v2\/types\/product"}],"replies":[{"embeddable":true,"href":"https:\/\/masterpiel.com\/esp\/wp-json\/wp\/v2\/comments?post=6562"}],"version-history":[{"count":0,"href":"https:\/\/masterpiel.com\/esp\/wp-json\/wp\/v2\/product\/6562\/revisions"}],"wp:featuredmedia":[{"embeddable":true,"href":"https:\/\/masterpiel.com\/esp\/wp-json\/wp\/v2\/media\/6589"}],"wp:attachment":[{"href":"https:\/\/masterpiel.com\/esp\/wp-json\/wp\/v2\/media?parent=6562"}],"wp:term":[{"taxonomy":"product_brand","embeddable":true,"href":"https:\/\/masterpiel.com\/esp\/wp-json\/wp\/v2\/product_brand?post=6562"},{"taxonomy":"product_cat","embeddable":true,"href":"https:\/\/masterpiel.com\/esp\/wp-json\/wp\/v2\/product_cat?post=6562"},{"taxonomy":"product_tag","embeddable":true,"href":"https:\/\/masterpiel.com\/esp\/wp-json\/wp\/v2\/product_tag?post=6562"}],"curies":[{"name":"wp","href":"https:\/\/api.w.org\/{rel}","templated":true}]}}