{"id":6841,"date":"2025-04-15T08:42:37","date_gmt":"2025-04-15T08:42:37","guid":{"rendered":"https:\/\/masterpiel.com\/sin%20categor\u00eda\/coleccion-kutxa\/"},"modified":"2025-05-14T11:46:45","modified_gmt":"2025-05-14T11:46:45","slug":"coleccion-kutxa","status":"publish","type":"product","link":"https:\/\/masterpiel.com\/esp\/aparadores\/coleccion-kutxa\/","title":{"rendered":"Colecci\u00f3n Kutxa"},"content":{"rendered":"<p>Todo nace de un dibujo surgido de manera inesperada. En aquel esbozo ya se advert\u00eda la idea de una caja suspendida dentro de una estructura muy sencilla y arquitect\u00f3nica. Tambi\u00e9n estaba presente el juego de contrastes, entre la contundencia de la madera y la gracilidad del metal.<\/p>\n","protected":false},"excerpt":{"rendered":"<p>Todo nace de un dibujo surgido de manera inesperada. En aquel esbozo ya se advert\u00eda la idea de una caja suspendida dentro de una estructura muy sencilla y arquitect\u00f3nica. Tambi\u00e9n estaba presente el juego de contrastes, entre la contundencia de la madera y la gracilidad del metal.<\/p>\n","protected":false},"featured_media":6900,"comment_status":"open","ping_status":"closed","template":"","meta":{"_acf_changed":false},"product_brand":[],"product_cat":[70],"product_tag":[121],"class_list":{"0":"post-6841","1":"product","2":"type-product","3":"status-publish","4":"has-post-thumbnail","6":"product_cat-aparadores","7":"product_tag-treku","9":"first","10":"instock","11":"shipping-taxable","12":"product-type-simple"},"acf":[],"_links":{"self":[{"href":"https:\/\/masterpiel.com\/esp\/wp-json\/wp\/v2\/product\/6841","targetHints":{"allow":["GET"]}}],"collection":[{"href":"https:\/\/masterpiel.com\/esp\/wp-json\/wp\/v2\/product"}],"about":[{"href":"https:\/\/masterpiel.com\/esp\/wp-json\/wp\/v2\/types\/product"}],"replies":[{"embeddable":true,"href":"https:\/\/masterpiel.com\/esp\/wp-json\/wp\/v2\/comments?post=6841"}],"version-history":[{"count":0,"href":"https:\/\/masterpiel.com\/esp\/wp-json\/wp\/v2\/product\/6841\/revisions"}],"wp:featuredmedia":[{"embeddable":true,"href":"https:\/\/masterpiel.com\/esp\/wp-json\/wp\/v2\/media\/6900"}],"wp:attachment":[{"href":"https:\/\/masterpiel.com\/esp\/wp-json\/wp\/v2\/media?parent=6841"}],"wp:term":[{"taxonomy":"product_brand","embeddable":true,"href":"https:\/\/masterpiel.com\/esp\/wp-json\/wp\/v2\/product_brand?post=6841"},{"taxonomy":"product_cat","embeddable":true,"href":"https:\/\/masterpiel.com\/esp\/wp-json\/wp\/v2\/product_cat?post=6841"},{"taxonomy":"product_tag","embeddable":true,"href":"https:\/\/masterpiel.com\/esp\/wp-json\/wp\/v2\/product_tag?post=6841"}],"curies":[{"name":"wp","href":"https:\/\/api.w.org\/{rel}","templated":true}]}}