{"id":6843,"date":"2025-04-15T08:42:38","date_gmt":"2025-04-15T08:42:38","guid":{"rendered":"https:\/\/masterpiel.com\/sin%20categor\u00eda\/coleccion-aura\/"},"modified":"2025-05-14T11:46:45","modified_gmt":"2025-05-14T11:46:45","slug":"coleccion-aura","status":"publish","type":"product","link":"https:\/\/masterpiel.com\/esp\/aparadores\/coleccion-aura\/","title":{"rendered":"Colecci\u00f3n Aura"},"content":{"rendered":"<p>La colecci\u00f3n Aura ha sido concebida como un programa para configurar principalmente aparadores y muebles para las zonas de sal\u00f3n\/comedor. Su dise\u00f1o est\u00e1 inspirado en tiempos pasados y bajo la influencia de la cultura del dise\u00f1o de los pa\u00edses n\u00f3rdicos, que han sabido unir tradici\u00f3n y naturalidad con grandes dosis de modernidad. El resultado: una colecci\u00f3n llena de memoria que desprende un aura muy actual. Los pies met\u00e1licos dise\u00f1ados especialmente para la colecci\u00f3n refuerzan esa imagen retro\/atemporal. Especial importancia tienen los acabados seleccionados: la madera de nogal y roble con un acabado h\u00edper-natural y los lacados que combinan perfectamente entre s\u00ed con las maderas.<\/p>\n","protected":false},"excerpt":{"rendered":"<p>La colecci\u00f3n Aura ha sido concebida como un programa para configurar principalmente aparadores y muebles para las zonas de sal\u00f3n\/comedor. Su dise\u00f1o est\u00e1 inspirado en tiempos pasados y bajo la influencia de la cultura del dise\u00f1o de los pa\u00edses n\u00f3rdicos, que han sabido unir tradici\u00f3n y naturalidad con grandes dosis de modernidad. El resultado: una colecci\u00f3n llena de memoria que desprende un aura muy actual. Los pies met\u00e1licos dise\u00f1ados especialmente para la colecci\u00f3n refuerzan esa imagen retro\/atemporal. Especial importancia tienen los acabados seleccionados: la madera de nogal y roble con un acabado h\u00edper-natural y los lacados que combinan perfectamente entre s\u00ed con las maderas.<\/p>\n","protected":false},"featured_media":6892,"comment_status":"open","ping_status":"closed","template":"","meta":{"_acf_changed":false},"product_brand":[],"product_cat":[70],"product_tag":[121],"class_list":{"0":"post-6843","1":"product","2":"type-product","3":"status-publish","4":"has-post-thumbnail","6":"product_cat-aparadores","7":"product_tag-treku","9":"first","10":"instock","11":"shipping-taxable","12":"product-type-simple"},"acf":[],"_links":{"self":[{"href":"https:\/\/masterpiel.com\/esp\/wp-json\/wp\/v2\/product\/6843","targetHints":{"allow":["GET"]}}],"collection":[{"href":"https:\/\/masterpiel.com\/esp\/wp-json\/wp\/v2\/product"}],"about":[{"href":"https:\/\/masterpiel.com\/esp\/wp-json\/wp\/v2\/types\/product"}],"replies":[{"embeddable":true,"href":"https:\/\/masterpiel.com\/esp\/wp-json\/wp\/v2\/comments?post=6843"}],"version-history":[{"count":0,"href":"https:\/\/masterpiel.com\/esp\/wp-json\/wp\/v2\/product\/6843\/revisions"}],"wp:featuredmedia":[{"embeddable":true,"href":"https:\/\/masterpiel.com\/esp\/wp-json\/wp\/v2\/media\/6892"}],"wp:attachment":[{"href":"https:\/\/masterpiel.com\/esp\/wp-json\/wp\/v2\/media?parent=6843"}],"wp:term":[{"taxonomy":"product_brand","embeddable":true,"href":"https:\/\/masterpiel.com\/esp\/wp-json\/wp\/v2\/product_brand?post=6843"},{"taxonomy":"product_cat","embeddable":true,"href":"https:\/\/masterpiel.com\/esp\/wp-json\/wp\/v2\/product_cat?post=6843"},{"taxonomy":"product_tag","embeddable":true,"href":"https:\/\/masterpiel.com\/esp\/wp-json\/wp\/v2\/product_tag?post=6843"}],"curies":[{"name":"wp","href":"https:\/\/api.w.org\/{rel}","templated":true}]}}