{"id":7020,"date":"2025-08-07T15:08:57","date_gmt":"2025-08-07T15:08:57","guid":{"rendered":"https:\/\/masterpiel.com\/sin%20categor\u00eda\/sofa-stella-stressless\/"},"modified":"2025-08-08T08:19:43","modified_gmt":"2025-08-08T08:19:43","slug":"sofa-stella-stressless","status":"publish","type":"product","link":"https:\/\/masterpiel.com\/esp\/sofas-relax-electrico\/sofa-stella-stressless\/","title":{"rendered":"Sof\u00e1 Stella STRESSLESS"},"content":{"rendered":"<p>Stressless\u00ae Stella es un sof\u00e1 modular mullido y contempor\u00e1neo que responde a tus movimientos corporales.\u00a0El sistema BalanceAdapt\u2122 de Stressless\u00ae permite que el sof\u00e1 responda a tus movimientos naturales, ajustando el asiento a tus movimientos. Recl\u00ednate, incl\u00ednate hacia adelante, recu\u00e9state, sube las piernas para sentir c\u00f3mo el suave y generoso asiento se adapta a cada posici\u00f3n. Y cuando la ocasi\u00f3n requiere un mero sof\u00e1, solo tienes que bloquear f\u00e1cilmente esta funci\u00f3n para detener el movimiento del asiento.\u00a0Disponible con diferentes reposabrazos, anchuras de asiento y reposapi\u00e9s y reposacabezas personalizados.<\/p>\n","protected":false},"excerpt":{"rendered":"<p>Stressless\u00ae Stella es un sof\u00e1 modular mullido y contempor\u00e1neo que responde a tus movimientos corporales.\u00a0El sistema BalanceAdapt\u2122 de Stressless\u00ae permite que el sof\u00e1 responda a tus movimientos naturales, ajustando el asiento a tus movimientos. Recl\u00ednate, incl\u00ednate hacia adelante, recu\u00e9state, sube las piernas para sentir c\u00f3mo el suave y generoso asiento se adapta a cada posici\u00f3n. &hellip;<\/p>\n","protected":false},"featured_media":7051,"comment_status":"open","ping_status":"closed","template":"","meta":{"_acf_changed":false},"product_brand":[124],"product_cat":[54,62],"product_tag":[101,114,63],"class_list":{"0":"post-7020","1":"product","2":"type-product","3":"status-publish","4":"has-post-thumbnail","6":"product_brand-stressless","7":"product_cat-sofas","8":"product_cat-sofas-relax-electrico","9":"product_tag-sofa-relax-electrico","10":"product_tag-sofa-stressless","11":"product_tag-stressless","13":"first","14":"instock","15":"shipping-taxable","16":"product-type-simple"},"acf":[],"_links":{"self":[{"href":"https:\/\/masterpiel.com\/esp\/wp-json\/wp\/v2\/product\/7020","targetHints":{"allow":["GET"]}}],"collection":[{"href":"https:\/\/masterpiel.com\/esp\/wp-json\/wp\/v2\/product"}],"about":[{"href":"https:\/\/masterpiel.com\/esp\/wp-json\/wp\/v2\/types\/product"}],"replies":[{"embeddable":true,"href":"https:\/\/masterpiel.com\/esp\/wp-json\/wp\/v2\/comments?post=7020"}],"version-history":[{"count":0,"href":"https:\/\/masterpiel.com\/esp\/wp-json\/wp\/v2\/product\/7020\/revisions"}],"wp:featuredmedia":[{"embeddable":true,"href":"https:\/\/masterpiel.com\/esp\/wp-json\/wp\/v2\/media\/7051"}],"wp:attachment":[{"href":"https:\/\/masterpiel.com\/esp\/wp-json\/wp\/v2\/media?parent=7020"}],"wp:term":[{"taxonomy":"product_brand","embeddable":true,"href":"https:\/\/masterpiel.com\/esp\/wp-json\/wp\/v2\/product_brand?post=7020"},{"taxonomy":"product_cat","embeddable":true,"href":"https:\/\/masterpiel.com\/esp\/wp-json\/wp\/v2\/product_cat?post=7020"},{"taxonomy":"product_tag","embeddable":true,"href":"https:\/\/masterpiel.com\/esp\/wp-json\/wp\/v2\/product_tag?post=7020"}],"curies":[{"name":"wp","href":"https:\/\/api.w.org\/{rel}","templated":true}]}}