{"id":7022,"date":"2025-08-07T15:08:59","date_gmt":"2025-08-07T15:08:59","guid":{"rendered":"https:\/\/masterpiel.com\/sin%20categor\u00eda\/sillon-berlin-office-stressless\/"},"modified":"2025-08-08T09:24:27","modified_gmt":"2025-08-08T09:24:27","slug":"sillon-berlin-office-stressless","status":"publish","type":"product","link":"https:\/\/masterpiel.com\/esp\/sillones-relax-electrico\/sillon-berlin-office-stressless\/","title":{"rendered":"Sill\u00f3n Berlin Office STRESSLESS"},"content":{"rendered":"<p>El sill\u00f3n Stressless\u00ae Berlin tiene un ambiente retro que ha resistido la prueba del tiempo durante d\u00e9cadas, mientras que el contorno elegante le da un toque moderno. En el interior, encontrar\u00e1 toda la tecnolog\u00eda cl\u00e1sica de confort Stressless\u00ae. Este modelo viene en una versi\u00f3n de respaldo alto con almohada cervical ajustable, una versi\u00f3n de respaldo bajo y una versi\u00f3n con reposacabezas ajustable en altura. Las ruedas en la base facilitan el movimiento y hay una palanca para ajustar la altura.<\/p>\n","protected":false},"excerpt":{"rendered":"<p>El sill\u00f3n Stressless\u00ae Berlin tiene un ambiente retro que ha resistido la prueba del tiempo durante d\u00e9cadas, mientras que el contorno elegante le da un toque moderno. En el interior, encontrar\u00e1 toda la tecnolog\u00eda cl\u00e1sica de confort Stressless\u00ae. Este modelo viene en una versi\u00f3n de respaldo alto con almohada cervical ajustable, una versi\u00f3n de respaldo &hellip;<\/p>\n","protected":false},"featured_media":7090,"comment_status":"open","ping_status":"closed","template":"","meta":{"_acf_changed":false},"product_brand":[124],"product_cat":[94,95,60],"product_tag":[113,96,97,63],"class_list":{"0":"post-7022","1":"product","2":"type-product","3":"status-publish","4":"has-post-thumbnail","6":"product_brand-stressless","7":"product_cat-sillones-relax","8":"product_cat-sillones-relax-electrico","9":"product_cat-sillones","10":"product_tag-sillon-stressless","11":"product_tag-sillones-relax","12":"product_tag-sillones-relax-electrico","13":"product_tag-stressless","15":"first","16":"instock","17":"shipping-taxable","18":"product-type-simple"},"acf":[],"_links":{"self":[{"href":"https:\/\/masterpiel.com\/esp\/wp-json\/wp\/v2\/product\/7022","targetHints":{"allow":["GET"]}}],"collection":[{"href":"https:\/\/masterpiel.com\/esp\/wp-json\/wp\/v2\/product"}],"about":[{"href":"https:\/\/masterpiel.com\/esp\/wp-json\/wp\/v2\/types\/product"}],"replies":[{"embeddable":true,"href":"https:\/\/masterpiel.com\/esp\/wp-json\/wp\/v2\/comments?post=7022"}],"version-history":[{"count":0,"href":"https:\/\/masterpiel.com\/esp\/wp-json\/wp\/v2\/product\/7022\/revisions"}],"wp:featuredmedia":[{"embeddable":true,"href":"https:\/\/masterpiel.com\/esp\/wp-json\/wp\/v2\/media\/7090"}],"wp:attachment":[{"href":"https:\/\/masterpiel.com\/esp\/wp-json\/wp\/v2\/media?parent=7022"}],"wp:term":[{"taxonomy":"product_brand","embeddable":true,"href":"https:\/\/masterpiel.com\/esp\/wp-json\/wp\/v2\/product_brand?post=7022"},{"taxonomy":"product_cat","embeddable":true,"href":"https:\/\/masterpiel.com\/esp\/wp-json\/wp\/v2\/product_cat?post=7022"},{"taxonomy":"product_tag","embeddable":true,"href":"https:\/\/masterpiel.com\/esp\/wp-json\/wp\/v2\/product_tag?post=7022"}],"curies":[{"name":"wp","href":"https:\/\/api.w.org\/{rel}","templated":true}]}}