{"id":7023,"date":"2025-08-07T15:09:00","date_gmt":"2025-08-07T15:09:00","guid":{"rendered":"https:\/\/masterpiel.com\/sin%20categor\u00eda\/sillon-erik-stressless\/"},"modified":"2025-08-08T12:05:46","modified_gmt":"2025-08-08T12:05:46","slug":"sillon-erik-stressless","status":"publish","type":"product","link":"https:\/\/masterpiel.com\/esp\/sillones-relax-electrico\/sillon-erik-stressless\/","title":{"rendered":"Sill\u00f3n Erik STRESSLESS"},"content":{"rendered":"<p>El sill\u00f3n Stressless\u00ae Erik es un sill\u00f3n reclinable contempor\u00e1neo que ofrece una comodidad incomparable y un ajuste ergon\u00f3mico. La imagen exclusiva se refuerza con un mullido coj\u00edn superior con costuras dobles. El reposacabezas regulable puede aumentar en 10 cm la altura del respaldo cuando hace falta.<\/p>\n","protected":false},"excerpt":{"rendered":"<p>El sill\u00f3n Stressless\u00ae Erik es un sill\u00f3n reclinable contempor\u00e1neo que ofrece una comodidad incomparable y un ajuste ergon\u00f3mico. La imagen exclusiva se refuerza con un mullido coj\u00edn superior con costuras dobles. El reposacabezas regulable puede aumentar en 10 cm la altura del respaldo cuando hace falta.<\/p>\n","protected":false},"featured_media":7124,"comment_status":"open","ping_status":"closed","template":"","meta":{"_acf_changed":false},"product_brand":[124],"product_cat":[94,95,60],"product_tag":[113,96,97,63],"class_list":{"0":"post-7023","1":"product","2":"type-product","3":"status-publish","4":"has-post-thumbnail","6":"product_brand-stressless","7":"product_cat-sillones-relax","8":"product_cat-sillones-relax-electrico","9":"product_cat-sillones","10":"product_tag-sillon-stressless","11":"product_tag-sillones-relax","12":"product_tag-sillones-relax-electrico","13":"product_tag-stressless","15":"first","16":"instock","17":"shipping-taxable","18":"product-type-simple"},"acf":[],"_links":{"self":[{"href":"https:\/\/masterpiel.com\/esp\/wp-json\/wp\/v2\/product\/7023","targetHints":{"allow":["GET"]}}],"collection":[{"href":"https:\/\/masterpiel.com\/esp\/wp-json\/wp\/v2\/product"}],"about":[{"href":"https:\/\/masterpiel.com\/esp\/wp-json\/wp\/v2\/types\/product"}],"replies":[{"embeddable":true,"href":"https:\/\/masterpiel.com\/esp\/wp-json\/wp\/v2\/comments?post=7023"}],"version-history":[{"count":0,"href":"https:\/\/masterpiel.com\/esp\/wp-json\/wp\/v2\/product\/7023\/revisions"}],"wp:featuredmedia":[{"embeddable":true,"href":"https:\/\/masterpiel.com\/esp\/wp-json\/wp\/v2\/media\/7124"}],"wp:attachment":[{"href":"https:\/\/masterpiel.com\/esp\/wp-json\/wp\/v2\/media?parent=7023"}],"wp:term":[{"taxonomy":"product_brand","embeddable":true,"href":"https:\/\/masterpiel.com\/esp\/wp-json\/wp\/v2\/product_brand?post=7023"},{"taxonomy":"product_cat","embeddable":true,"href":"https:\/\/masterpiel.com\/esp\/wp-json\/wp\/v2\/product_cat?post=7023"},{"taxonomy":"product_tag","embeddable":true,"href":"https:\/\/masterpiel.com\/esp\/wp-json\/wp\/v2\/product_tag?post=7023"}],"curies":[{"name":"wp","href":"https:\/\/api.w.org\/{rel}","templated":true}]}}