{"id":7024,"date":"2025-08-07T15:09:01","date_gmt":"2025-08-07T15:09:01","guid":{"rendered":"https:\/\/masterpiel.com\/sin%20categor\u00eda\/sillon-magic-stressless\/"},"modified":"2025-08-08T12:04:25","modified_gmt":"2025-08-08T12:04:25","slug":"sillon-magic-stressless","status":"publish","type":"product","link":"https:\/\/masterpiel.com\/esp\/sillones-relax-electrico\/sillon-magic-stressless\/","title":{"rendered":"Sill\u00f3n Magic STRESSLESS"},"content":{"rendered":"<p>Podemos confirmar que el Stressless Magic es nuestro sill\u00f3n m\u00e1s confortable y lo hemos dise\u00f1ado con un solo objetivo: la comodidad absoluta. No hemos escatimado esfuerzos para que ofrezca el m\u00e1ximo confort al sentarse. La magia reside en la forma del asiento y del respaldo que, literalmente, envuelve su cuerpo ofreci\u00e9ndole apoyo en los lugares correctos. El c\u00f3modo soporte para el cuello puede ajustarse hasta en 10 cm para adaptarlo a usuarios de mayor altura.<\/p>\n","protected":false},"excerpt":{"rendered":"<p>Podemos confirmar que el Stressless Magic es nuestro sill\u00f3n m\u00e1s confortable y lo hemos dise\u00f1ado con un solo objetivo: la comodidad absoluta. No hemos escatimado esfuerzos para que ofrezca el m\u00e1ximo confort al sentarse. La magia reside en la forma del asiento y del respaldo que, literalmente, envuelve su cuerpo ofreci\u00e9ndole apoyo en los lugares &hellip;<\/p>\n","protected":false},"featured_media":7118,"comment_status":"open","ping_status":"closed","template":"","meta":{"_acf_changed":false},"product_brand":[124],"product_cat":[94,95,60],"product_tag":[113,96,97,63],"class_list":{"0":"post-7024","1":"product","2":"type-product","3":"status-publish","4":"has-post-thumbnail","6":"product_brand-stressless","7":"product_cat-sillones-relax","8":"product_cat-sillones-relax-electrico","9":"product_cat-sillones","10":"product_tag-sillon-stressless","11":"product_tag-sillones-relax","12":"product_tag-sillones-relax-electrico","13":"product_tag-stressless","15":"first","16":"instock","17":"shipping-taxable","18":"product-type-simple"},"acf":[],"_links":{"self":[{"href":"https:\/\/masterpiel.com\/esp\/wp-json\/wp\/v2\/product\/7024","targetHints":{"allow":["GET"]}}],"collection":[{"href":"https:\/\/masterpiel.com\/esp\/wp-json\/wp\/v2\/product"}],"about":[{"href":"https:\/\/masterpiel.com\/esp\/wp-json\/wp\/v2\/types\/product"}],"replies":[{"embeddable":true,"href":"https:\/\/masterpiel.com\/esp\/wp-json\/wp\/v2\/comments?post=7024"}],"version-history":[{"count":0,"href":"https:\/\/masterpiel.com\/esp\/wp-json\/wp\/v2\/product\/7024\/revisions"}],"wp:featuredmedia":[{"embeddable":true,"href":"https:\/\/masterpiel.com\/esp\/wp-json\/wp\/v2\/media\/7118"}],"wp:attachment":[{"href":"https:\/\/masterpiel.com\/esp\/wp-json\/wp\/v2\/media?parent=7024"}],"wp:term":[{"taxonomy":"product_brand","embeddable":true,"href":"https:\/\/masterpiel.com\/esp\/wp-json\/wp\/v2\/product_brand?post=7024"},{"taxonomy":"product_cat","embeddable":true,"href":"https:\/\/masterpiel.com\/esp\/wp-json\/wp\/v2\/product_cat?post=7024"},{"taxonomy":"product_tag","embeddable":true,"href":"https:\/\/masterpiel.com\/esp\/wp-json\/wp\/v2\/product_tag?post=7024"}],"curies":[{"name":"wp","href":"https:\/\/api.w.org\/{rel}","templated":true}]}}