{"id":7026,"date":"2025-08-07T15:09:03","date_gmt":"2025-08-07T15:09:03","guid":{"rendered":"https:\/\/masterpiel.com\/sin%20categor\u00eda\/sillon-philip-stressless\/"},"modified":"2025-08-08T12:03:09","modified_gmt":"2025-08-08T12:03:09","slug":"sillon-philip-stressless","status":"publish","type":"product","link":"https:\/\/masterpiel.com\/esp\/sillones-relax-electrico\/sillon-philip-stressless\/","title":{"rendered":"Sill\u00f3n Philip STRESSLESS"},"content":{"rendered":"<p>Stressless\u00ae Philip cuenta con un respaldo alto que atraer\u00e1 a aquellos que buscan un excelente soporte para la espalda. Con un dise\u00f1o moderno de respaldo con alas, el respaldo tambi\u00e9n ofrece m\u00e1s curvatura que otros modelos, estrech\u00e1ndose para abrazar el cuerpo y ofrecer una experiencia de asiento mejorada. Fabricado con cualidades ligeras y aireadas, Stressless\u00ae Philip combina costuras caracter\u00edsticas para resaltar su forma suave, con reposabrazos abiertos, lo que permite apreciar su forma org\u00e1nica desde todos los \u00e1ngulos. Con un acolchado adicional y ribetes definidos, este sill\u00f3n reclinable encarna todos los detalles premium que espera de un dise\u00f1o Stressless\u00ae, y seguramente ser\u00e1 una pieza apreciada en su hogar. Dise\u00f1ado para ser disfrutado y transmitido a las futuras generaciones.<\/p>\n","protected":false},"excerpt":{"rendered":"<p>Stressless\u00ae Philip cuenta con un respaldo alto que atraer\u00e1 a aquellos que buscan un excelente soporte para la espalda. Con un dise\u00f1o moderno de respaldo con alas, el respaldo tambi\u00e9n ofrece m\u00e1s curvatura que otros modelos, estrech\u00e1ndose para abrazar el cuerpo y ofrecer una experiencia de asiento mejorada. Fabricado con cualidades ligeras y aireadas, Stressless\u00ae &hellip;<\/p>\n","protected":false},"featured_media":7110,"comment_status":"open","ping_status":"closed","template":"","meta":{"_acf_changed":false},"product_brand":[124],"product_cat":[94,95,60],"product_tag":[113,96,97,63],"class_list":{"0":"post-7026","1":"product","2":"type-product","3":"status-publish","4":"has-post-thumbnail","6":"product_brand-stressless","7":"product_cat-sillones-relax","8":"product_cat-sillones-relax-electrico","9":"product_cat-sillones","10":"product_tag-sillon-stressless","11":"product_tag-sillones-relax","12":"product_tag-sillones-relax-electrico","13":"product_tag-stressless","15":"first","16":"instock","17":"shipping-taxable","18":"product-type-simple"},"acf":[],"_links":{"self":[{"href":"https:\/\/masterpiel.com\/esp\/wp-json\/wp\/v2\/product\/7026","targetHints":{"allow":["GET"]}}],"collection":[{"href":"https:\/\/masterpiel.com\/esp\/wp-json\/wp\/v2\/product"}],"about":[{"href":"https:\/\/masterpiel.com\/esp\/wp-json\/wp\/v2\/types\/product"}],"replies":[{"embeddable":true,"href":"https:\/\/masterpiel.com\/esp\/wp-json\/wp\/v2\/comments?post=7026"}],"version-history":[{"count":0,"href":"https:\/\/masterpiel.com\/esp\/wp-json\/wp\/v2\/product\/7026\/revisions"}],"wp:featuredmedia":[{"embeddable":true,"href":"https:\/\/masterpiel.com\/esp\/wp-json\/wp\/v2\/media\/7110"}],"wp:attachment":[{"href":"https:\/\/masterpiel.com\/esp\/wp-json\/wp\/v2\/media?parent=7026"}],"wp:term":[{"taxonomy":"product_brand","embeddable":true,"href":"https:\/\/masterpiel.com\/esp\/wp-json\/wp\/v2\/product_brand?post=7026"},{"taxonomy":"product_cat","embeddable":true,"href":"https:\/\/masterpiel.com\/esp\/wp-json\/wp\/v2\/product_cat?post=7026"},{"taxonomy":"product_tag","embeddable":true,"href":"https:\/\/masterpiel.com\/esp\/wp-json\/wp\/v2\/product_tag?post=7026"}],"curies":[{"name":"wp","href":"https:\/\/api.w.org\/{rel}","templated":true}]}}