{"id":7027,"date":"2025-08-07T15:09:04","date_gmt":"2025-08-07T15:09:04","guid":{"rendered":"https:\/\/masterpiel.com\/sin%20categor\u00eda\/sillon-sam-stressless\/"},"modified":"2025-08-08T11:58:41","modified_gmt":"2025-08-08T11:58:41","slug":"sillon-sam-stressless","status":"publish","type":"product","link":"https:\/\/masterpiel.com\/esp\/sillones-relax-electrico\/sillon-sam-stressless\/","title":{"rendered":"Sill\u00f3n Sam STRESSLESS"},"content":{"rendered":"<p>Fiel a la herencia de dise\u00f1o escandinavo, el Stressless\u00ae Sam se presenta con un dise\u00f1o abierto y generoso de formas suaves y redondeadas y un respaldo y asiento curvos que invitan a relajarse. Todas las funciones de confort y los movimientos est\u00e1n motorizados y sincronizados, y es posible ajustarlos individualmente. Elige entre las tapicer\u00edas de piel o tela de Stressless\u00ae en todos los colores y, si lo deseas, delicados detalles de madera en los paneles laterales del sill\u00f3n reclinable. El sill\u00f3n est\u00e1 disponible con dos bases distintas y, si quieres elevar el nivel de confort, tambi\u00e9n te ofrecemos la funci\u00f3n de masaje y calefacci\u00f3n para que puedas crear tu santuario personal Stressless\u00ae.<\/p>\n","protected":false},"excerpt":{"rendered":"<p>Fiel a la herencia de dise\u00f1o escandinavo, el Stressless\u00ae Sam se presenta con un dise\u00f1o abierto y generoso de formas suaves y redondeadas y un respaldo y asiento curvos que invitan a relajarse. Todas las funciones de confort y los movimientos est\u00e1n motorizados y sincronizados, y es posible ajustarlos individualmente. Elige entre las tapicer\u00edas de &hellip;<\/p>\n","protected":false},"featured_media":7105,"comment_status":"open","ping_status":"closed","template":"","meta":{"_acf_changed":false},"product_brand":[124],"product_cat":[94,95,60],"product_tag":[113,96,97,63],"class_list":{"0":"post-7027","1":"product","2":"type-product","3":"status-publish","4":"has-post-thumbnail","6":"product_brand-stressless","7":"product_cat-sillones-relax","8":"product_cat-sillones-relax-electrico","9":"product_cat-sillones","10":"product_tag-sillon-stressless","11":"product_tag-sillones-relax","12":"product_tag-sillones-relax-electrico","13":"product_tag-stressless","15":"first","16":"instock","17":"shipping-taxable","18":"product-type-simple"},"acf":[],"_links":{"self":[{"href":"https:\/\/masterpiel.com\/esp\/wp-json\/wp\/v2\/product\/7027","targetHints":{"allow":["GET"]}}],"collection":[{"href":"https:\/\/masterpiel.com\/esp\/wp-json\/wp\/v2\/product"}],"about":[{"href":"https:\/\/masterpiel.com\/esp\/wp-json\/wp\/v2\/types\/product"}],"replies":[{"embeddable":true,"href":"https:\/\/masterpiel.com\/esp\/wp-json\/wp\/v2\/comments?post=7027"}],"version-history":[{"count":0,"href":"https:\/\/masterpiel.com\/esp\/wp-json\/wp\/v2\/product\/7027\/revisions"}],"wp:featuredmedia":[{"embeddable":true,"href":"https:\/\/masterpiel.com\/esp\/wp-json\/wp\/v2\/media\/7105"}],"wp:attachment":[{"href":"https:\/\/masterpiel.com\/esp\/wp-json\/wp\/v2\/media?parent=7027"}],"wp:term":[{"taxonomy":"product_brand","embeddable":true,"href":"https:\/\/masterpiel.com\/esp\/wp-json\/wp\/v2\/product_brand?post=7027"},{"taxonomy":"product_cat","embeddable":true,"href":"https:\/\/masterpiel.com\/esp\/wp-json\/wp\/v2\/product_cat?post=7027"},{"taxonomy":"product_tag","embeddable":true,"href":"https:\/\/masterpiel.com\/esp\/wp-json\/wp\/v2\/product_tag?post=7027"}],"curies":[{"name":"wp","href":"https:\/\/api.w.org\/{rel}","templated":true}]}}