{"id":7129,"date":"2025-08-08T13:00:12","date_gmt":"2025-08-08T13:00:12","guid":{"rendered":"https:\/\/masterpiel.com\/sin%20categor\u00eda\/sofa-carter-natuzzi-editions\/"},"modified":"2025-08-08T13:55:09","modified_gmt":"2025-08-08T13:55:09","slug":"sofa-carter-natuzzi-editions","status":"publish","type":"product","link":"https:\/\/masterpiel.com\/esp\/sofas\/sofa-carter-natuzzi-editions\/","title":{"rendered":"Sof\u00e1 CARTER Natuzzi Editions"},"content":{"rendered":"<p>El sof\u00e1 Carter encarna el concepto de \u201crefugio en casa\u201d con l\u00edneas esenciales, reposabrazos curvados e inclinados y una estructura que se extiende suavemente hacia la base s\u00f3lida, asemej\u00e1ndose a una concha. La base, de hecho &#8211; s\u00f3lida pero est\u00e9ticamente aligerada por las l\u00edneas inclinadas &#8211; sostiene y protege un lugar seguro y acogedor donde puedes pasar tus momentos m\u00e1s relajantes. Versatilidad al m\u00e1ximo. Gracias a sus m\u00faltiples versiones lineales y angulares, Carter se adapta f\u00e1cilmente a cualquier estilo de vida y entorno dom\u00e9stico, satisfaciendo incluso a los clientes m\u00e1s exigentes.<\/p>\n","protected":false},"excerpt":{"rendered":"<p>El sof\u00e1 Carter encarna el concepto de \u201crefugio en casa\u201d con l\u00edneas esenciales, reposabrazos curvados e inclinados y una estructura que se extiende suavemente hacia la base s\u00f3lida, asemej\u00e1ndose a una concha. La base, de hecho &#8211; s\u00f3lida pero est\u00e9ticamente aligerada por las l\u00edneas inclinadas &#8211; sostiene y protege un lugar seguro y acogedor donde &hellip;<\/p>\n","protected":false},"featured_media":7163,"comment_status":"open","ping_status":"closed","template":"","meta":{"_acf_changed":false},"product_brand":[125],"product_cat":[54],"product_tag":[67,86],"class_list":{"0":"post-7129","1":"product","2":"type-product","3":"status-publish","4":"has-post-thumbnail","6":"product_brand-natuzzi","7":"product_cat-sofas","8":"product_tag-natuzzi-editions","9":"product_tag-sofa","11":"first","12":"instock","13":"shipping-taxable","14":"product-type-simple"},"acf":[],"_links":{"self":[{"href":"https:\/\/masterpiel.com\/esp\/wp-json\/wp\/v2\/product\/7129","targetHints":{"allow":["GET"]}}],"collection":[{"href":"https:\/\/masterpiel.com\/esp\/wp-json\/wp\/v2\/product"}],"about":[{"href":"https:\/\/masterpiel.com\/esp\/wp-json\/wp\/v2\/types\/product"}],"replies":[{"embeddable":true,"href":"https:\/\/masterpiel.com\/esp\/wp-json\/wp\/v2\/comments?post=7129"}],"version-history":[{"count":0,"href":"https:\/\/masterpiel.com\/esp\/wp-json\/wp\/v2\/product\/7129\/revisions"}],"wp:featuredmedia":[{"embeddable":true,"href":"https:\/\/masterpiel.com\/esp\/wp-json\/wp\/v2\/media\/7163"}],"wp:attachment":[{"href":"https:\/\/masterpiel.com\/esp\/wp-json\/wp\/v2\/media?parent=7129"}],"wp:term":[{"taxonomy":"product_brand","embeddable":true,"href":"https:\/\/masterpiel.com\/esp\/wp-json\/wp\/v2\/product_brand?post=7129"},{"taxonomy":"product_cat","embeddable":true,"href":"https:\/\/masterpiel.com\/esp\/wp-json\/wp\/v2\/product_cat?post=7129"},{"taxonomy":"product_tag","embeddable":true,"href":"https:\/\/masterpiel.com\/esp\/wp-json\/wp\/v2\/product_tag?post=7129"}],"curies":[{"name":"wp","href":"https:\/\/api.w.org\/{rel}","templated":true}]}}