{"id":7501,"date":"2025-09-16T06:51:40","date_gmt":"2025-09-16T06:51:40","guid":{"rendered":"https:\/\/masterpiel.com\/?post_type=product&#038;p=7501"},"modified":"2025-09-16T07:05:53","modified_gmt":"2025-09-16T07:05:53","slug":"sofa-casabona","status":"publish","type":"product","link":"https:\/\/masterpiel.com\/esp\/imagine-outlet\/sofa-casabona\/","title":{"rendered":"Sof\u00e1 Casabona"},"content":{"rendered":"<p>El sof\u00e1 Casabona de l\u00edneas rectas de confort suave, muy buen dise\u00f1o. Perfecto para\u00a0 un gran sal\u00f3n.<\/p>\n","protected":false},"excerpt":{"rendered":"<p>El sof\u00e1 Casabona de l\u00edneas rectas de confort suave, muy buen dise\u00f1o. Perfecto para\u00a0 un gran sal\u00f3n.<\/p>\n","protected":false},"featured_media":7505,"comment_status":"closed","ping_status":"closed","template":"","meta":{"_acf_changed":false},"product_brand":[],"product_cat":[131],"product_tag":[110],"class_list":{"0":"post-7501","1":"product","2":"type-product","3":"status-publish","4":"has-post-thumbnail","6":"product_cat-imagine-outlet","7":"product_tag-sofa-outlet","9":"first","10":"instock","11":"sale","12":"shipping-taxable","13":"purchasable","14":"product-type-simple"},"acf":[],"_links":{"self":[{"href":"https:\/\/masterpiel.com\/esp\/wp-json\/wp\/v2\/product\/7501","targetHints":{"allow":["GET"]}}],"collection":[{"href":"https:\/\/masterpiel.com\/esp\/wp-json\/wp\/v2\/product"}],"about":[{"href":"https:\/\/masterpiel.com\/esp\/wp-json\/wp\/v2\/types\/product"}],"replies":[{"embeddable":true,"href":"https:\/\/masterpiel.com\/esp\/wp-json\/wp\/v2\/comments?post=7501"}],"version-history":[{"count":0,"href":"https:\/\/masterpiel.com\/esp\/wp-json\/wp\/v2\/product\/7501\/revisions"}],"wp:featuredmedia":[{"embeddable":true,"href":"https:\/\/masterpiel.com\/esp\/wp-json\/wp\/v2\/media\/7505"}],"wp:attachment":[{"href":"https:\/\/masterpiel.com\/esp\/wp-json\/wp\/v2\/media?parent=7501"}],"wp:term":[{"taxonomy":"product_brand","embeddable":true,"href":"https:\/\/masterpiel.com\/esp\/wp-json\/wp\/v2\/product_brand?post=7501"},{"taxonomy":"product_cat","embeddable":true,"href":"https:\/\/masterpiel.com\/esp\/wp-json\/wp\/v2\/product_cat?post=7501"},{"taxonomy":"product_tag","embeddable":true,"href":"https:\/\/masterpiel.com\/esp\/wp-json\/wp\/v2\/product_tag?post=7501"}],"curies":[{"name":"wp","href":"https:\/\/api.w.org\/{rel}","templated":true}]}}