{"id":7689,"date":"2025-10-08T17:48:50","date_gmt":"2025-10-08T17:48:50","guid":{"rendered":"https:\/\/masterpiel.com\/?post_type=product&#038;p=7689"},"modified":"2025-10-13T07:47:52","modified_gmt":"2025-10-13T07:47:52","slug":"escritorio-set-mobenia","status":"publish","type":"product","link":"https:\/\/masterpiel.com\/esp\/escritorio\/escritorio-set-mobenia\/","title":{"rendered":"ESCRITORIO SET MOBENIA"},"content":{"rendered":"","protected":false},"excerpt":{"rendered":"<p>Con el escritorio SET se quer\u00eda conseguir crear un paisaje, una sensaci\u00f3n evocadora de calma y sinuosidad. Sus elementos verticales, recortan un horizonte suave y nos aportan pinceladas de color que combinan con la calidez de la madera. Los peque\u00f1os complementos acaban de complementar este horizonte d\u00e1ndole vida y dinamismo al conjunto. Una pieza equilibrada, donde ligereza y plasticidad conviven para hacerla muy vers\u00e1til y atractiva.<\/p>\n","protected":false},"featured_media":7722,"comment_status":"open","ping_status":"closed","template":"","meta":{"_acf_changed":false},"product_brand":[145],"product_cat":[137],"product_tag":[138,146],"class_list":{"0":"post-7689","1":"product","2":"type-product","3":"status-publish","4":"has-post-thumbnail","6":"product_brand-mobenia","7":"product_cat-escritorio","8":"product_tag-escritorio-mobenia","9":"product_tag-mobenia","11":"first","12":"instock","13":"shipping-taxable","14":"product-type-simple"},"acf":[],"_links":{"self":[{"href":"https:\/\/masterpiel.com\/esp\/wp-json\/wp\/v2\/product\/7689","targetHints":{"allow":["GET"]}}],"collection":[{"href":"https:\/\/masterpiel.com\/esp\/wp-json\/wp\/v2\/product"}],"about":[{"href":"https:\/\/masterpiel.com\/esp\/wp-json\/wp\/v2\/types\/product"}],"replies":[{"embeddable":true,"href":"https:\/\/masterpiel.com\/esp\/wp-json\/wp\/v2\/comments?post=7689"}],"version-history":[{"count":0,"href":"https:\/\/masterpiel.com\/esp\/wp-json\/wp\/v2\/product\/7689\/revisions"}],"wp:featuredmedia":[{"embeddable":true,"href":"https:\/\/masterpiel.com\/esp\/wp-json\/wp\/v2\/media\/7722"}],"wp:attachment":[{"href":"https:\/\/masterpiel.com\/esp\/wp-json\/wp\/v2\/media?parent=7689"}],"wp:term":[{"taxonomy":"product_brand","embeddable":true,"href":"https:\/\/masterpiel.com\/esp\/wp-json\/wp\/v2\/product_brand?post=7689"},{"taxonomy":"product_cat","embeddable":true,"href":"https:\/\/masterpiel.com\/esp\/wp-json\/wp\/v2\/product_cat?post=7689"},{"taxonomy":"product_tag","embeddable":true,"href":"https:\/\/masterpiel.com\/esp\/wp-json\/wp\/v2\/product_tag?post=7689"}],"curies":[{"name":"wp","href":"https:\/\/api.w.org\/{rel}","templated":true}]}}