{"id":7690,"date":"2025-10-08T17:48:51","date_gmt":"2025-10-08T17:48:51","guid":{"rendered":"https:\/\/masterpiel.com\/?post_type=product&#038;p=7690"},"modified":"2025-10-13T07:49:10","modified_gmt":"2025-10-13T07:49:10","slug":"escritorio-hit","status":"publish","type":"product","link":"https:\/\/masterpiel.com\/esp\/escritorio\/escritorio-hit\/","title":{"rendered":"ESCRITORIO HIT"},"content":{"rendered":"","protected":false},"excerpt":{"rendered":"<p>HIT es una pieza muy contempor\u00e1nea, pero que juega con la tradici\u00f3n de la arquitectura mediterr\u00e1nea, donde el juego de luz y sombras que provocan los frontales ondulados, nos transportan a la intimidad y recogimiento en las casas durante las horas de sol intenso. Es un elemento muy polivalente, pero con mucha personalidad. El juego de la combinaci\u00f3n entre la madera y la chapa pintada hace que aporte un gran valor pl\u00e1stico a su entorno.<\/p>\n","protected":false},"featured_media":7729,"comment_status":"open","ping_status":"closed","template":"","meta":{"_acf_changed":false},"product_brand":[145],"product_cat":[137],"product_tag":[138,146],"class_list":{"0":"post-7690","1":"product","2":"type-product","3":"status-publish","4":"has-post-thumbnail","6":"product_brand-mobenia","7":"product_cat-escritorio","8":"product_tag-escritorio-mobenia","9":"product_tag-mobenia","11":"first","12":"instock","13":"shipping-taxable","14":"product-type-simple"},"acf":[],"_links":{"self":[{"href":"https:\/\/masterpiel.com\/esp\/wp-json\/wp\/v2\/product\/7690","targetHints":{"allow":["GET"]}}],"collection":[{"href":"https:\/\/masterpiel.com\/esp\/wp-json\/wp\/v2\/product"}],"about":[{"href":"https:\/\/masterpiel.com\/esp\/wp-json\/wp\/v2\/types\/product"}],"replies":[{"embeddable":true,"href":"https:\/\/masterpiel.com\/esp\/wp-json\/wp\/v2\/comments?post=7690"}],"version-history":[{"count":0,"href":"https:\/\/masterpiel.com\/esp\/wp-json\/wp\/v2\/product\/7690\/revisions"}],"wp:featuredmedia":[{"embeddable":true,"href":"https:\/\/masterpiel.com\/esp\/wp-json\/wp\/v2\/media\/7729"}],"wp:attachment":[{"href":"https:\/\/masterpiel.com\/esp\/wp-json\/wp\/v2\/media?parent=7690"}],"wp:term":[{"taxonomy":"product_brand","embeddable":true,"href":"https:\/\/masterpiel.com\/esp\/wp-json\/wp\/v2\/product_brand?post=7690"},{"taxonomy":"product_cat","embeddable":true,"href":"https:\/\/masterpiel.com\/esp\/wp-json\/wp\/v2\/product_cat?post=7690"},{"taxonomy":"product_tag","embeddable":true,"href":"https:\/\/masterpiel.com\/esp\/wp-json\/wp\/v2\/product_tag?post=7690"}],"curies":[{"name":"wp","href":"https:\/\/api.w.org\/{rel}","templated":true}]}}