{"id":7691,"date":"2025-10-08T17:48:51","date_gmt":"2025-10-08T17:48:51","guid":{"rendered":"https:\/\/masterpiel.com\/?post_type=product&#038;p=7691"},"modified":"2025-10-13T07:50:31","modified_gmt":"2025-10-13T07:50:31","slug":"estanteria-cava-mobenia","status":"publish","type":"product","link":"https:\/\/masterpiel.com\/esp\/estanterias\/estanteria-cava-mobenia\/","title":{"rendered":"ESTANTERIA CAVA MOBENIA"},"content":{"rendered":"","protected":false},"excerpt":{"rendered":"<p>La banqueta Cava sigue los par\u00e1metros est\u00e9ticos de la colecci\u00f3n a\u00f1adiendo un marcado car\u00e1cter t\u00e1ctil a trav\u00e9s de una estructura acolchada disponible en una cuidada selecci\u00f3n de acabados textiles. Una soluci\u00f3n elegante y atemporal que incrementa la practicidad de cualquier rinc\u00f3n.Una consola ligera y esquem\u00e1tica con un aura perfecta para los amantes de los entornos contempor\u00e1neos y detalles originales. Un concepto que expande las posibilidades de la colecci\u00f3n Cava y que resulta de gran utilidad para presidir la zona central de la estancia.Colecci\u00f3n de diferentes formatos de estanter\u00edas que comparten los mismos atributos est\u00e9ticos que el resto de piezas que componen la familia Cava. Esquematismo, equilibrio, ligereza, curvatura\u2026 cada uno de estos recursos se ajustan a las tipolog\u00edas de producto seg\u00fan sus necesidades de uso. En este caso definiendo diferentes alturas y anchuras de balda, con el fin de facilitar que la pieza se acomode a cada espacio.Un concepto abierto que enmarca la zona de la televisi\u00f3n como punto focal. Un recurso elegante y equilibrado que exhibe las piezas sin estridencias, como una original jaula de secci\u00f3n tubular que ensalza la curvatura de sus diferentes partes.La esbeltez estructural de las mesitas auxiliares Cava juega en un perfecto equilibrio con la presencia que confiere la nobleza de su sobre. Bajo \u00e9ste, la base genera una ilusi\u00f3n de sombra que aporta tridimensionalidad a una pieza que destaca por su ligereza. Sus diferentes alturas y proporciones ofrecen la posibilidad de crear un conjunto en el que ambas piezas funcionan en una impecable armon\u00eda.<\/p>\n","protected":false},"featured_media":7741,"comment_status":"open","ping_status":"closed","template":"","meta":{"_acf_changed":false},"product_brand":[145],"product_cat":[122],"product_tag":[139,146],"class_list":{"0":"post-7691","1":"product","2":"type-product","3":"status-publish","4":"has-post-thumbnail","6":"product_brand-mobenia","7":"product_cat-estanterias","8":"product_tag-estanterias-mobenia","9":"product_tag-mobenia","11":"first","12":"instock","13":"shipping-taxable","14":"product-type-simple"},"acf":[],"_links":{"self":[{"href":"https:\/\/masterpiel.com\/esp\/wp-json\/wp\/v2\/product\/7691","targetHints":{"allow":["GET"]}}],"collection":[{"href":"https:\/\/masterpiel.com\/esp\/wp-json\/wp\/v2\/product"}],"about":[{"href":"https:\/\/masterpiel.com\/esp\/wp-json\/wp\/v2\/types\/product"}],"replies":[{"embeddable":true,"href":"https:\/\/masterpiel.com\/esp\/wp-json\/wp\/v2\/comments?post=7691"}],"version-history":[{"count":0,"href":"https:\/\/masterpiel.com\/esp\/wp-json\/wp\/v2\/product\/7691\/revisions"}],"wp:featuredmedia":[{"embeddable":true,"href":"https:\/\/masterpiel.com\/esp\/wp-json\/wp\/v2\/media\/7741"}],"wp:attachment":[{"href":"https:\/\/masterpiel.com\/esp\/wp-json\/wp\/v2\/media?parent=7691"}],"wp:term":[{"taxonomy":"product_brand","embeddable":true,"href":"https:\/\/masterpiel.com\/esp\/wp-json\/wp\/v2\/product_brand?post=7691"},{"taxonomy":"product_cat","embeddable":true,"href":"https:\/\/masterpiel.com\/esp\/wp-json\/wp\/v2\/product_cat?post=7691"},{"taxonomy":"product_tag","embeddable":true,"href":"https:\/\/masterpiel.com\/esp\/wp-json\/wp\/v2\/product_tag?post=7691"}],"curies":[{"name":"wp","href":"https:\/\/api.w.org\/{rel}","templated":true}]}}