{"id":7692,"date":"2025-10-08T17:48:51","date_gmt":"2025-10-08T17:48:51","guid":{"rendered":"https:\/\/masterpiel.com\/?post_type=product&#038;p=7692"},"modified":"2025-10-13T08:15:39","modified_gmt":"2025-10-13T08:15:39","slug":"estanteria-koob-mobenia","status":"publish","type":"product","link":"https:\/\/masterpiel.com\/esp\/estanterias\/estanteria-koob-mobenia\/","title":{"rendered":"ESTANTERIA KOOB MOBENIA"},"content":{"rendered":"<p>Ligera, abierta y funcional, as\u00ed es Koob, una estanter\u00eda regular con un caracterizador tirante met\u00e1lico a uno de sus lados. Disponible en una amplia variedad de acabados, es perfecta para cerrar composiciones de gran formato, ofreciendo un amplio espacio de almacenaje.<\/p>\n","protected":false},"excerpt":{"rendered":"<p>Estanter\u00eda ligera, abierta y funcional, as\u00ed es Koob, una estanter\u00eda regular con un caracterizador tirante met\u00e1lico a uno de sus lados. Disponible en una amplia variedad de acabados, es perfecta para cerrar composiciones de gran formato, ofreciendo un amplio espacio de almacenaje.<\/p>\n","protected":false},"featured_media":7879,"comment_status":"open","ping_status":"closed","template":"","meta":{"_acf_changed":false},"product_brand":[145],"product_cat":[122],"product_tag":[139,146],"class_list":{"0":"post-7692","1":"product","2":"type-product","3":"status-publish","4":"has-post-thumbnail","6":"product_brand-mobenia","7":"product_cat-estanterias","8":"product_tag-estanterias-mobenia","9":"product_tag-mobenia","11":"first","12":"instock","13":"shipping-taxable","14":"product-type-simple"},"acf":[],"_links":{"self":[{"href":"https:\/\/masterpiel.com\/esp\/wp-json\/wp\/v2\/product\/7692","targetHints":{"allow":["GET"]}}],"collection":[{"href":"https:\/\/masterpiel.com\/esp\/wp-json\/wp\/v2\/product"}],"about":[{"href":"https:\/\/masterpiel.com\/esp\/wp-json\/wp\/v2\/types\/product"}],"replies":[{"embeddable":true,"href":"https:\/\/masterpiel.com\/esp\/wp-json\/wp\/v2\/comments?post=7692"}],"version-history":[{"count":0,"href":"https:\/\/masterpiel.com\/esp\/wp-json\/wp\/v2\/product\/7692\/revisions"}],"wp:featuredmedia":[{"embeddable":true,"href":"https:\/\/masterpiel.com\/esp\/wp-json\/wp\/v2\/media\/7879"}],"wp:attachment":[{"href":"https:\/\/masterpiel.com\/esp\/wp-json\/wp\/v2\/media?parent=7692"}],"wp:term":[{"taxonomy":"product_brand","embeddable":true,"href":"https:\/\/masterpiel.com\/esp\/wp-json\/wp\/v2\/product_brand?post=7692"},{"taxonomy":"product_cat","embeddable":true,"href":"https:\/\/masterpiel.com\/esp\/wp-json\/wp\/v2\/product_cat?post=7692"},{"taxonomy":"product_tag","embeddable":true,"href":"https:\/\/masterpiel.com\/esp\/wp-json\/wp\/v2\/product_tag?post=7692"}],"curies":[{"name":"wp","href":"https:\/\/api.w.org\/{rel}","templated":true}]}}