{"id":7695,"date":"2025-10-08T17:48:51","date_gmt":"2025-10-08T17:48:51","guid":{"rendered":"https:\/\/masterpiel.com\/?post_type=product&#038;p=7695"},"modified":"2025-10-13T08:04:54","modified_gmt":"2025-10-13T08:04:54","slug":"mesa-fez-mobenia","status":"publish","type":"product","link":"https:\/\/masterpiel.com\/esp\/mesas\/mesa-fez-mobenia\/","title":{"rendered":"MESA FEZ MOBENIA"},"content":{"rendered":"","protected":false},"excerpt":{"rendered":"<p>Fez nos transporta a la calidez y la hospitalidad de las culturas mediterr\u00e1neas. Los rituales de bienvenida, el t\u00e9 y las conversaciones donde el tiempo se detiene se sintetizan en esta familia de mesas de l\u00edneas limpias. Todos los elementos de la colecci\u00f3n cuentan con un detalle en simetr\u00eda que, junto a la posibilidad de jugar con diferentes acabados, generan composiciones din\u00e1micas y ricas visualmente.<\/p>\n","protected":false},"featured_media":7745,"comment_status":"open","ping_status":"closed","template":"","meta":{"_acf_changed":false},"product_brand":[145],"product_cat":[56],"product_tag":[140,146],"class_list":{"0":"post-7695","1":"product","2":"type-product","3":"status-publish","4":"has-post-thumbnail","6":"product_brand-mobenia","7":"product_cat-mesas","8":"product_tag-mesas-mobenia","9":"product_tag-mobenia","11":"first","12":"instock","13":"shipping-taxable","14":"product-type-simple"},"acf":[],"_links":{"self":[{"href":"https:\/\/masterpiel.com\/esp\/wp-json\/wp\/v2\/product\/7695","targetHints":{"allow":["GET"]}}],"collection":[{"href":"https:\/\/masterpiel.com\/esp\/wp-json\/wp\/v2\/product"}],"about":[{"href":"https:\/\/masterpiel.com\/esp\/wp-json\/wp\/v2\/types\/product"}],"replies":[{"embeddable":true,"href":"https:\/\/masterpiel.com\/esp\/wp-json\/wp\/v2\/comments?post=7695"}],"version-history":[{"count":0,"href":"https:\/\/masterpiel.com\/esp\/wp-json\/wp\/v2\/product\/7695\/revisions"}],"wp:featuredmedia":[{"embeddable":true,"href":"https:\/\/masterpiel.com\/esp\/wp-json\/wp\/v2\/media\/7745"}],"wp:attachment":[{"href":"https:\/\/masterpiel.com\/esp\/wp-json\/wp\/v2\/media?parent=7695"}],"wp:term":[{"taxonomy":"product_brand","embeddable":true,"href":"https:\/\/masterpiel.com\/esp\/wp-json\/wp\/v2\/product_brand?post=7695"},{"taxonomy":"product_cat","embeddable":true,"href":"https:\/\/masterpiel.com\/esp\/wp-json\/wp\/v2\/product_cat?post=7695"},{"taxonomy":"product_tag","embeddable":true,"href":"https:\/\/masterpiel.com\/esp\/wp-json\/wp\/v2\/product_tag?post=7695"}],"curies":[{"name":"wp","href":"https:\/\/api.w.org\/{rel}","templated":true}]}}