{"id":7697,"date":"2025-10-08T17:48:51","date_gmt":"2025-10-08T17:48:51","guid":{"rendered":"https:\/\/masterpiel.com\/?post_type=product&#038;p=7697"},"modified":"2025-10-13T08:03:48","modified_gmt":"2025-10-13T08:03:48","slug":"mesa-knossos-mobenia","status":"publish","type":"product","link":"https:\/\/masterpiel.com\/esp\/mesas\/mesa-knossos-mobenia\/","title":{"rendered":"MESA KNOSSOS MOBENIA"},"content":{"rendered":"","protected":false},"excerpt":{"rendered":"<p>Las mesas de Knossos nacen de la mezcla de materiales naturales como el gres y la madera. Esta combinaci\u00f3n est\u00e1 respaldada por un dise\u00f1o de l\u00edneas esenciales que crean caracterizan a la pieza por su simplicidad y forma escult\u00f3rica.<\/p>\n","protected":false},"featured_media":7726,"comment_status":"open","ping_status":"closed","template":"","meta":{"_acf_changed":false},"product_brand":[145],"product_cat":[56],"product_tag":[140,146],"class_list":{"0":"post-7697","1":"product","2":"type-product","3":"status-publish","4":"has-post-thumbnail","6":"product_brand-mobenia","7":"product_cat-mesas","8":"product_tag-mesas-mobenia","9":"product_tag-mobenia","11":"first","12":"instock","13":"shipping-taxable","14":"product-type-simple"},"acf":[],"_links":{"self":[{"href":"https:\/\/masterpiel.com\/esp\/wp-json\/wp\/v2\/product\/7697","targetHints":{"allow":["GET"]}}],"collection":[{"href":"https:\/\/masterpiel.com\/esp\/wp-json\/wp\/v2\/product"}],"about":[{"href":"https:\/\/masterpiel.com\/esp\/wp-json\/wp\/v2\/types\/product"}],"replies":[{"embeddable":true,"href":"https:\/\/masterpiel.com\/esp\/wp-json\/wp\/v2\/comments?post=7697"}],"version-history":[{"count":0,"href":"https:\/\/masterpiel.com\/esp\/wp-json\/wp\/v2\/product\/7697\/revisions"}],"wp:featuredmedia":[{"embeddable":true,"href":"https:\/\/masterpiel.com\/esp\/wp-json\/wp\/v2\/media\/7726"}],"wp:attachment":[{"href":"https:\/\/masterpiel.com\/esp\/wp-json\/wp\/v2\/media?parent=7697"}],"wp:term":[{"taxonomy":"product_brand","embeddable":true,"href":"https:\/\/masterpiel.com\/esp\/wp-json\/wp\/v2\/product_brand?post=7697"},{"taxonomy":"product_cat","embeddable":true,"href":"https:\/\/masterpiel.com\/esp\/wp-json\/wp\/v2\/product_cat?post=7697"},{"taxonomy":"product_tag","embeddable":true,"href":"https:\/\/masterpiel.com\/esp\/wp-json\/wp\/v2\/product_tag?post=7697"}],"curies":[{"name":"wp","href":"https:\/\/api.w.org\/{rel}","templated":true}]}}