{"id":7700,"date":"2025-10-08T17:48:51","date_gmt":"2025-10-08T17:48:51","guid":{"rendered":"https:\/\/masterpiel.com\/?post_type=product&#038;p=7700"},"modified":"2025-10-13T08:06:45","modified_gmt":"2025-10-13T08:06:45","slug":"modulo-mel-mobenia","status":"publish","type":"product","link":"https:\/\/masterpiel.com\/esp\/modulos\/modulo-mel-mobenia\/","title":{"rendered":"M\u00d3DULO MEL MOBENIA"},"content":{"rendered":"","protected":false},"excerpt":{"rendered":"<p>Para cubrir un plano con formas geom\u00e9tricas, lo que se llama teselaci\u00f3n, el hex\u00e1gono es la forma m\u00e1s eficiente puesto que se ajusta a \u00e9ste ofreciendo el menor per\u00edmetro. Esta ley de geometr\u00eda b\u00e1sica, adoptada intuitivamente por las abejas, es el punto de partida de Mel; una pieza visualmente sugerente que arranca desde la unidad para desarrollar atractivos patrones gr\u00e1ficos verticales en los que, adem\u00e1s, se pueden utilizar diferentes acabados.<\/p>\n","protected":false},"featured_media":7738,"comment_status":"open","ping_status":"closed","template":"","meta":{"_acf_changed":false},"product_brand":[145],"product_cat":[141],"product_tag":[146,142],"class_list":{"0":"post-7700","1":"product","2":"type-product","3":"status-publish","4":"has-post-thumbnail","6":"product_brand-mobenia","7":"product_cat-modulos","8":"product_tag-mobenia","9":"product_tag-modulos-mobenia","11":"first","12":"instock","13":"shipping-taxable","14":"product-type-simple"},"acf":[],"_links":{"self":[{"href":"https:\/\/masterpiel.com\/esp\/wp-json\/wp\/v2\/product\/7700","targetHints":{"allow":["GET"]}}],"collection":[{"href":"https:\/\/masterpiel.com\/esp\/wp-json\/wp\/v2\/product"}],"about":[{"href":"https:\/\/masterpiel.com\/esp\/wp-json\/wp\/v2\/types\/product"}],"replies":[{"embeddable":true,"href":"https:\/\/masterpiel.com\/esp\/wp-json\/wp\/v2\/comments?post=7700"}],"version-history":[{"count":0,"href":"https:\/\/masterpiel.com\/esp\/wp-json\/wp\/v2\/product\/7700\/revisions"}],"wp:featuredmedia":[{"embeddable":true,"href":"https:\/\/masterpiel.com\/esp\/wp-json\/wp\/v2\/media\/7738"}],"wp:attachment":[{"href":"https:\/\/masterpiel.com\/esp\/wp-json\/wp\/v2\/media?parent=7700"}],"wp:term":[{"taxonomy":"product_brand","embeddable":true,"href":"https:\/\/masterpiel.com\/esp\/wp-json\/wp\/v2\/product_brand?post=7700"},{"taxonomy":"product_cat","embeddable":true,"href":"https:\/\/masterpiel.com\/esp\/wp-json\/wp\/v2\/product_cat?post=7700"},{"taxonomy":"product_tag","embeddable":true,"href":"https:\/\/masterpiel.com\/esp\/wp-json\/wp\/v2\/product_tag?post=7700"}],"curies":[{"name":"wp","href":"https:\/\/api.w.org\/{rel}","templated":true}]}}