{"id":7701,"date":"2025-10-08T17:48:51","date_gmt":"2025-10-08T17:48:51","guid":{"rendered":"https:\/\/masterpiel.com\/?post_type=product&#038;p=7701"},"modified":"2025-10-13T08:00:31","modified_gmt":"2025-10-13T08:00:31","slug":"modulo-theo-mobenia","status":"publish","type":"product","link":"https:\/\/masterpiel.com\/esp\/modulos\/modulo-theo-mobenia\/","title":{"rendered":"M\u00d3DULO THEO MOBENIA"},"content":{"rendered":"","protected":false},"excerpt":{"rendered":"<p>Como si de una aut\u00e9ntica obra neoplasticista se tratara, Theo juega con un caos controlado a trav\u00e9s de la intersecci\u00f3n de la l\u00ednea dentro de un sistema cartesiano.Su car\u00e1cter modular permite establecer interesantes composiciones est\u00e9ticas que var\u00edan perceptivamente seg\u00fan la ordenaci\u00f3n de cada unidad, lo que otorga al usuario la capacidad de proyectar la composici\u00f3n final que m\u00e1s se adecue a sus preferencias.<\/p>\n","protected":false},"featured_media":7720,"comment_status":"open","ping_status":"closed","template":"","meta":{"_acf_changed":false},"product_brand":[145],"product_cat":[141],"product_tag":[146,142],"class_list":{"0":"post-7701","1":"product","2":"type-product","3":"status-publish","4":"has-post-thumbnail","6":"product_brand-mobenia","7":"product_cat-modulos","8":"product_tag-mobenia","9":"product_tag-modulos-mobenia","11":"first","12":"instock","13":"shipping-taxable","14":"product-type-simple"},"acf":[],"_links":{"self":[{"href":"https:\/\/masterpiel.com\/esp\/wp-json\/wp\/v2\/product\/7701","targetHints":{"allow":["GET"]}}],"collection":[{"href":"https:\/\/masterpiel.com\/esp\/wp-json\/wp\/v2\/product"}],"about":[{"href":"https:\/\/masterpiel.com\/esp\/wp-json\/wp\/v2\/types\/product"}],"replies":[{"embeddable":true,"href":"https:\/\/masterpiel.com\/esp\/wp-json\/wp\/v2\/comments?post=7701"}],"version-history":[{"count":0,"href":"https:\/\/masterpiel.com\/esp\/wp-json\/wp\/v2\/product\/7701\/revisions"}],"wp:featuredmedia":[{"embeddable":true,"href":"https:\/\/masterpiel.com\/esp\/wp-json\/wp\/v2\/media\/7720"}],"wp:attachment":[{"href":"https:\/\/masterpiel.com\/esp\/wp-json\/wp\/v2\/media?parent=7701"}],"wp:term":[{"taxonomy":"product_brand","embeddable":true,"href":"https:\/\/masterpiel.com\/esp\/wp-json\/wp\/v2\/product_brand?post=7701"},{"taxonomy":"product_cat","embeddable":true,"href":"https:\/\/masterpiel.com\/esp\/wp-json\/wp\/v2\/product_cat?post=7701"},{"taxonomy":"product_tag","embeddable":true,"href":"https:\/\/masterpiel.com\/esp\/wp-json\/wp\/v2\/product_tag?post=7701"}],"curies":[{"name":"wp","href":"https:\/\/api.w.org\/{rel}","templated":true}]}}