{"id":8053,"date":"2026-01-29T09:09:48","date_gmt":"2026-01-29T09:09:48","guid":{"rendered":"https:\/\/masterpiel.com\/?post_type=product&#038;p=8053"},"modified":"2026-01-29T09:18:17","modified_gmt":"2026-01-29T09:18:17","slug":"sillon-mercury-masterpiel","status":"publish","type":"product","link":"https:\/\/masterpiel.com\/esp\/sofas\/sillon-mercury-masterpiel\/","title":{"rendered":"Sill\u00f3n Mercury MASTERPIEL"},"content":{"rendered":"<p style=\"text-align: justify; margin: 0cm 0cm 15.0pt 0cm;\"><span lang=\"ES\" style=\"font-size: 11.5pt; font-family: 'Arial',sans-serif; color: #444444;\">Este modelo destaca por un dise\u00f1o moderno, compacto y estilizado, con unas medidas de ancho y fondo \u00f3ptimas para encajar en cualquier estancia de nuestra vivienda. El sill\u00f3n<\/span><span lang=\"ES\" style=\"font-size: 11.5pt; font-family: 'Arial',sans-serif; color: #444444;\">\u00a0Mercury est\u00e1 dotado de la nueva generaci\u00f3n de mecanismos reclinables. <\/span><span lang=\"ES\" style=\"font-size: 11.5pt; font-family: 'Arial',sans-serif; color: #444444;\">El mecanismo se caracteriza por tener: dos motores independientes y su cabezal regulable en posici\u00f3n.<\/span><\/p>\n<p style=\"text-align: justify; margin: 0cm 0cm 15.0pt 0cm;\"><span lang=\"ES\" style=\"font-size: 11.5pt; font-family: 'Arial',sans-serif; color: #444444;\">La cuidada selecci\u00f3n de materiales, como su respaldo con relleno de fibra siliconada envolvente, hacen de este modelo uno de los sillones m\u00e1s confortables.\u00a0<\/span><span lang=\"ES\" style=\"font-size: 11.5pt; font-family: 'Arial',sans-serif; color: #444444;\">El modelo Mercury se puede fabricar tanto en versi\u00f3n giratoria como con cuatro patas fijas.\u00a0<\/span><span lang=\"ES\" style=\"font-size: 11.5pt; font-family: 'Arial',sans-serif; color: #444444;\">Tiene la posibilidad de incorporar el sistema de elevaci\u00f3n o power lift, lo que le ayudar\u00e1 a levantarse del sill\u00f3n.<\/span><\/p>\n<p style=\"text-align: justify; margin: 0cm 0cm 15.0pt 0cm;\"><span lang=\"ES\" style=\"font-size: 11.5pt; font-family: 'Arial',sans-serif; color: #444444;\">Introduzca en su sal\u00f3n un sill\u00f3n Mercury y aportar\u00e1 a su hogar un toque de distinci\u00f3n disfrutando al mismo tiempo de los m\u00e1s modernos sistemas de relax.<\/span><\/p>\n","protected":false},"excerpt":{"rendered":"<p>Nunca un sof\u00e1 tan moderno ha sido tan c\u00f3modo, destacado por su sistema relax \u201cGRAVINITY CERO\u201d, los pies quedan elevados hasta la altura del coraz\u00f3n, consiguiendo una ayuda a la circulaci\u00f3n sangu\u00ednea y al alivio de hinchaz\u00f3n de piernas. El cabezal el\u00e9ctrico independiente permite que puedas regular la posici\u00f3n sin tener la necesidad de abrir el asiento si no lo deseas. Disponibles en diferentes acabados de patas met\u00e1licas o madera con altura 12cms, ideal para facilitar la limpieza. Este modelo es totalmente modular, con lo que facilita el manejo a la hora de transportar.<\/p>\n","protected":false},"featured_media":8055,"comment_status":"open","ping_status":"closed","template":"","meta":{"_acf_changed":false},"product_brand":[],"product_cat":[54],"product_tag":[148,86],"class_list":{"0":"post-8053","1":"product","2":"type-product","3":"status-publish","4":"has-post-thumbnail","6":"product_cat-sofas","7":"product_tag-master","8":"product_tag-sofa","10":"first","11":"instock","12":"shipping-taxable","13":"product-type-simple"},"acf":[],"_links":{"self":[{"href":"https:\/\/masterpiel.com\/esp\/wp-json\/wp\/v2\/product\/8053","targetHints":{"allow":["GET"]}}],"collection":[{"href":"https:\/\/masterpiel.com\/esp\/wp-json\/wp\/v2\/product"}],"about":[{"href":"https:\/\/masterpiel.com\/esp\/wp-json\/wp\/v2\/types\/product"}],"replies":[{"embeddable":true,"href":"https:\/\/masterpiel.com\/esp\/wp-json\/wp\/v2\/comments?post=8053"}],"version-history":[{"count":0,"href":"https:\/\/masterpiel.com\/esp\/wp-json\/wp\/v2\/product\/8053\/revisions"}],"wp:featuredmedia":[{"embeddable":true,"href":"https:\/\/masterpiel.com\/esp\/wp-json\/wp\/v2\/media\/8055"}],"wp:attachment":[{"href":"https:\/\/masterpiel.com\/esp\/wp-json\/wp\/v2\/media?parent=8053"}],"wp:term":[{"taxonomy":"product_brand","embeddable":true,"href":"https:\/\/masterpiel.com\/esp\/wp-json\/wp\/v2\/product_brand?post=8053"},{"taxonomy":"product_cat","embeddable":true,"href":"https:\/\/masterpiel.com\/esp\/wp-json\/wp\/v2\/product_cat?post=8053"},{"taxonomy":"product_tag","embeddable":true,"href":"https:\/\/masterpiel.com\/esp\/wp-json\/wp\/v2\/product_tag?post=8053"}],"curies":[{"name":"wp","href":"https:\/\/api.w.org\/{rel}","templated":true}]}}